{"id":719,"date":"2020-04-27T12:24:18","date_gmt":"2020-04-27T15:24:18","guid":{"rendered":"https:\/\/tree-oss.com\/tienda\/?post_type=product&#038;p=719"},"modified":"2025-05-05T12:47:49","modified_gmt":"2025-05-05T15:47:49","slug":"sonda-de-profundidad","status":"publish","type":"product","link":"https:\/\/tree-oss.com\/tienda\/product\/sonda-de-profundidad\/","title":{"rendered":"Sonda de Profundidad"},"content":{"rendered":"","protected":false},"excerpt":{"rendered":"<p>Agregue a sus kits Tree-Oss una pr\u00e1ctica sonda quir\u00fargica milimetrada seg\u00fan el protocolo est\u00e1ndar de implantes Tree-Oss.<\/p>\n<p>&nbsp;<\/p>\n","protected":false},"featured_media":1083,"template":"","meta":[],"product_cat":[66,77,97],"product_tag":[],"class_list":{"0":"post-719","1":"product","2":"type-product","3":"status-publish","4":"has-post-thumbnail","6":"product_cat-instrumental","7":"product_cat-instrumental-y-accesorios","8":"product_cat-sonda-de-profundidad","10":"first","11":"instock","12":"shipping-taxable","13":"purchasable","14":"product-type-simple"},"_links":{"self":[{"href":"https:\/\/tree-oss.com\/tienda\/wp-json\/wp\/v2\/product\/719","targetHints":{"allow":["GET"]}}],"collection":[{"href":"https:\/\/tree-oss.com\/tienda\/wp-json\/wp\/v2\/product"}],"about":[{"href":"https:\/\/tree-oss.com\/tienda\/wp-json\/wp\/v2\/types\/product"}],"wp:featuredmedia":[{"embeddable":true,"href":"https:\/\/tree-oss.com\/tienda\/wp-json\/wp\/v2\/media\/1083"}],"wp:attachment":[{"href":"https:\/\/tree-oss.com\/tienda\/wp-json\/wp\/v2\/media?parent=719"}],"wp:term":[{"taxonomy":"product_cat","embeddable":true,"href":"https:\/\/tree-oss.com\/tienda\/wp-json\/wp\/v2\/product_cat?post=719"},{"taxonomy":"product_tag","embeddable":true,"href":"https:\/\/tree-oss.com\/tienda\/wp-json\/wp\/v2\/product_tag?post=719"}],"curies":[{"name":"wp","href":"https:\/\/api.w.org\/{rel}","templated":true}]}}