{"id":698,"date":"2020-04-27T11:13:08","date_gmt":"2020-04-27T14:13:08","guid":{"rendered":"https:\/\/tree-oss.com\/tienda\/?post_type=product&#038;p=698"},"modified":"2025-05-05T12:47:47","modified_gmt":"2025-05-05T15:47:47","slug":"tree-oss-premium-surgical-kit-plus","status":"publish","type":"product","link":"https:\/\/tree-oss.com\/tienda\/product\/tree-oss-premium-surgical-kit-plus\/","title":{"rendered":"Tree\u00b7Oss<sup>\u00ae&#xfe0f;<\/sup> Premium Surgical Kit Plus Full"},"content":{"rendered":"<p><strong>2 kits en 1<\/strong>\u00a0(Anat\u00f3mico y Recto) 4 dise\u00f1os de implantes con un solo sistema quir\u00fargico.<\/p>\n<p>El <strong>Tree\u00b7Oss<sup>\u00ae<\/sup><\/strong><strong>\u00a0Premium Surgical Kit Plus Full<\/strong> es un exclusivo sistema quir\u00fargico que permite colocar todos los dise\u00f1os de implantes Tree Oss Anat\u00f3micos y rectos, con un solo kit de dise\u00f1o compacto y ergon\u00f3mico.<\/p>\n<p>En el sector superior del kit se encuentran todos los componentes de colocaci\u00f3n incluido una llave torqu\u00edmetro para asegurar un correcto anclaje inicial. En el sector derecho se encuentran las fresas anat\u00f3micas para la colocaci\u00f3n de implantes <strong>Tree\u00b7Oss<sup>\u00ae<\/sup><\/strong><strong>\u00a0Anat\u00f3micos<\/strong> y en el sector izquierdo las fresas rectas para la colocaci\u00f3n de implantes <strong>Tree\u00b7Oss<sup>\u00ae<\/sup><\/strong><strong>\u00a0Rapid, Tree\u00b7Oss<sup>\u00ae<\/sup>\u00a0Simple<\/strong> y <strong>Tree\u00b7Oss<sup>\u00ae<\/sup><\/strong><strong>\u00a0HS.<\/strong><\/p>\n<p>Con el <strong>Tree\u00b7Oss<sup>\u00ae<\/sup><\/strong><strong>\u00a0Surgical Premium Kit<\/strong> obtenga <strong>4 soluciones en un solo Kit!<\/strong><\/p>\n<p>Incluye:<\/p>\n<p class=\"p1\">Fresa Lanza DIAMOND &#8211; Fresa recta DIAMOND \u00d82 &#8211; Fresa recta DIAMOND \u00d82,5 &#8211; Fresa recta DIAMOND \u00d83 &#8211; Fresa recta DIAMOND \u00d83,2 &#8211; Fresa recta DIAMOND \u00d83,4 &#8211; Fresa recta DIAMOND \u00d83,8 &#8211; Fresa recta DIAMOND \u00d84,2 &#8211; Fresa anat\u00f3mica DIAMOND \u00d83,5 x 8 &#8211; Fresa anat\u00f3mica DIAMOND \u00d83,5 x 10 &#8211; Fresa anat\u00f3mica DIAMOND \u00d83,5 x 11,5 &#8211; Fresa anat\u00f3mica DIAMOND \u00d83,5 x 13 &#8211; Fresa anat\u00f3mica DIAMOND \u00d83,5 x 16 &#8211; Fresa anat\u00f3mica DIAMOND \u00d84,3 x 8 &#8211; Fresa anat\u00f3mica DIAMOND \u00d84,3 x 10 &#8211; Fresa anat\u00f3mica DIAMOND \u00d84,3 x 11,5 &#8211; Fresa anat\u00f3mica DIAMOND \u00d84,3 x 13 &#8211; Fresa anat\u00f3mica DIAMOND \u00d84,3 x 16 &#8211; Fresa anat\u00f3mica DIAMOND \u00d85,0 x 8 &#8211; Fresa anat\u00f3mica DIAMOND \u00d85,0 x 10 &#8211; Fresa anat\u00f3mica DIAMOND \u00d85,0 x 11,5 &#8211; Fresa anat\u00f3mica DIAMOND \u00d85,0 x 13 &#8211; Fresa anat\u00f3mica DIAMOND \u00d85,0 x 16 &#8211; Formador de rosca anat\u00f3mica \u00d83,5 &#8211; Formador de rosca anat\u00f3mica \u00d84,3 &#8211; Formador de rosca anat\u00f3mica \u00d85,0 &#8211; Formador de rosca recto \u00d83,3 &#8211; Formador de rosca recto \u00d83,75 &#8211; Formador de rosca recto \u00d85,0 &#8211; 4 Paralelizadores &#8211; Inserto manual &#8211; Inserto mec\u00e1nico &#8211; Inserto llave &#8211; Prolongador de fresa &#8211; Llave Torqu\u00edmetro &#8211; Destornillador 0,035 Manual &#8211; Destornillador 0,050 Manual CORTO &#8211; Destornillador cuadrado Manual CORTO &#8211; Implant Driver 3,5 CORTO CI &#8211; Implant Driver 3,5 LARGO CI &#8211; Implant Driver 4,3 CORTO CI &#8211; Implant Driver 4,3 LARGO CI &#8211; Implant Driver 5 CORTO CI &#8211; Implant Driver 5 LARGO CI &#8211; BOX QUIRURGICA PREMIUM PLUS vac\u00eda.<\/p>\n","protected":false},"excerpt":{"rendered":"<p><strong>2 kits en 1<\/strong> (Anat\u00f3mico y Recto) 4 dise\u00f1os de implantes con un solo sistema quir\u00fargico. Con el <strong>Tree\u00b7Oss<sup>\u00ae<\/sup><\/strong><strong>\u00a0Surgical Premium Kit<\/strong> <strong>Plus Ful<\/strong>l obtenga <strong>4 soluciones en un solo Kit!. <\/strong>Leer en la descripci\u00f3n lo que incluye \u00e9ste kit.<\/p>\n","protected":false},"featured_media":1701,"template":"","meta":[],"product_cat":[72,66,81,333],"product_tag":[],"class_list":{"0":"post-698","1":"product","2":"type-product","3":"status-publish","4":"has-post-thumbnail","6":"product_cat-kits-completos","7":"product_cat-instrumental","8":"product_cat-premium-plus","9":"product_cat-kit-premium-full","11":"first","12":"instock","13":"shipping-taxable","14":"purchasable","15":"product-type-simple"},"_links":{"self":[{"href":"https:\/\/tree-oss.com\/tienda\/wp-json\/wp\/v2\/product\/698","targetHints":{"allow":["GET"]}}],"collection":[{"href":"https:\/\/tree-oss.com\/tienda\/wp-json\/wp\/v2\/product"}],"about":[{"href":"https:\/\/tree-oss.com\/tienda\/wp-json\/wp\/v2\/types\/product"}],"wp:featuredmedia":[{"embeddable":true,"href":"https:\/\/tree-oss.com\/tienda\/wp-json\/wp\/v2\/media\/1701"}],"wp:attachment":[{"href":"https:\/\/tree-oss.com\/tienda\/wp-json\/wp\/v2\/media?parent=698"}],"wp:term":[{"taxonomy":"product_cat","embeddable":true,"href":"https:\/\/tree-oss.com\/tienda\/wp-json\/wp\/v2\/product_cat?post=698"},{"taxonomy":"product_tag","embeddable":true,"href":"https:\/\/tree-oss.com\/tienda\/wp-json\/wp\/v2\/product_tag?post=698"}],"curies":[{"name":"wp","href":"https:\/\/api.w.org\/{rel}","templated":true}]}}