{"id":667,"date":"2020-04-24T17:16:30","date_gmt":"2020-04-24T20:16:30","guid":{"rendered":"https:\/\/tree-oss.com\/tienda\/?post_type=product&#038;p=667"},"modified":"2026-02-03T16:56:51","modified_gmt":"2026-02-03T19:56:51","slug":"pilar-ball-attached-ce","status":"publish","type":"product","link":"https:\/\/tree-oss.com\/tienda\/product\/pilar-ball-attached-ce\/","title":{"rendered":"Pilar Ball-Attached (CE)"},"content":{"rendered":"","protected":false},"excerpt":{"rendered":"<p>Confeccionados en titanio.<br \/>\nSobredentaduras con atache a bolilla.<br \/>\nSistema o-ring met\u00e1lico con siliconas con gran retenci\u00f3n Soluci\u00f3n f\u00e1cil y econ\u00f3mica.<br \/>\nDistintas alturas disponibles. Incluye cazoleta.<br \/>\nAjuste utilizando el destornillador para ball attached.<\/p>\n","protected":false},"featured_media":918,"template":"","meta":[],"product_cat":[226,229],"product_tag":[],"class_list":{"0":"post-667","1":"product","2":"type-product","3":"status-publish","4":"has-post-thumbnail","6":"product_cat-ball-attached","7":"product_cat-ce-ball-attached-protesis","9":"first","10":"instock","11":"shipping-taxable","12":"purchasable","13":"product-type-variable"},"_links":{"self":[{"href":"https:\/\/tree-oss.com\/tienda\/wp-json\/wp\/v2\/product\/667","targetHints":{"allow":["GET"]}}],"collection":[{"href":"https:\/\/tree-oss.com\/tienda\/wp-json\/wp\/v2\/product"}],"about":[{"href":"https:\/\/tree-oss.com\/tienda\/wp-json\/wp\/v2\/types\/product"}],"wp:featuredmedia":[{"embeddable":true,"href":"https:\/\/tree-oss.com\/tienda\/wp-json\/wp\/v2\/media\/918"}],"wp:attachment":[{"href":"https:\/\/tree-oss.com\/tienda\/wp-json\/wp\/v2\/media?parent=667"}],"wp:term":[{"taxonomy":"product_cat","embeddable":true,"href":"https:\/\/tree-oss.com\/tienda\/wp-json\/wp\/v2\/product_cat?post=667"},{"taxonomy":"product_tag","embeddable":true,"href":"https:\/\/tree-oss.com\/tienda\/wp-json\/wp\/v2\/product_tag?post=667"}],"curies":[{"name":"wp","href":"https:\/\/api.w.org\/{rel}","templated":true}]}}