{"id":665,"date":"2020-04-24T17:10:53","date_gmt":"2020-04-24T20:10:53","guid":{"rendered":"https:\/\/tree-oss.com\/tienda\/?post_type=product&#038;p=665"},"modified":"2026-02-03T16:56:51","modified_gmt":"2026-02-03T19:56:51","slug":"ucla-calcinable-con-base-de-cromo-anti-ci","status":"publish","type":"product","link":"https:\/\/tree-oss.com\/tienda\/product\/ucla-calcinable-con-base-de-cromo-anti-ci\/","title":{"rendered":"UCLA Calcinable con Base de Cromo Anti. (CI)"},"content":{"rendered":"","protected":false},"excerpt":{"rendered":"<p>Material calcinable con base maquinada de cromo.<br \/>\nCasos unitarios con coronas cementadas.<br \/>\nDise\u00f1o personalizado cuando la direcci\u00f3n del implante no es la ideal.<br \/>\nDise\u00f1e un pilar a medida sin perder precisi\u00f3n ni adaptaci\u00f3n en la conexi\u00f3n con el implante.<br \/>\nIncluye tornillo prot\u00e9tico con conexi\u00f3n hexagonal 0,050.<\/p>\n","protected":false},"featured_media":870,"template":"","meta":[],"product_cat":[207,215,219,220],"product_tag":[],"class_list":{"0":"post-665","1":"product","2":"type-product","3":"status-publish","4":"has-post-thumbnail","6":"product_cat-ucla","7":"product_cat-ci-ucla","8":"product_cat-base-de-cromo-ci-ucla","9":"product_cat-anti-base-de-cromo-ci-ucla","11":"first","12":"instock","13":"shipping-taxable","14":"purchasable","15":"product-type-variable"},"_links":{"self":[{"href":"https:\/\/tree-oss.com\/tienda\/wp-json\/wp\/v2\/product\/665","targetHints":{"allow":["GET"]}}],"collection":[{"href":"https:\/\/tree-oss.com\/tienda\/wp-json\/wp\/v2\/product"}],"about":[{"href":"https:\/\/tree-oss.com\/tienda\/wp-json\/wp\/v2\/types\/product"}],"wp:featuredmedia":[{"embeddable":true,"href":"https:\/\/tree-oss.com\/tienda\/wp-json\/wp\/v2\/media\/870"}],"wp:attachment":[{"href":"https:\/\/tree-oss.com\/tienda\/wp-json\/wp\/v2\/media?parent=665"}],"wp:term":[{"taxonomy":"product_cat","embeddable":true,"href":"https:\/\/tree-oss.com\/tienda\/wp-json\/wp\/v2\/product_cat?post=665"},{"taxonomy":"product_tag","embeddable":true,"href":"https:\/\/tree-oss.com\/tienda\/wp-json\/wp\/v2\/product_tag?post=665"}],"curies":[{"name":"wp","href":"https:\/\/api.w.org\/{rel}","templated":true}]}}