{"id":661,"date":"2020-04-24T17:05:43","date_gmt":"2020-04-24T20:05:43","guid":{"rendered":"https:\/\/tree-oss.com\/tienda\/?post_type=product&#038;p=661"},"modified":"2026-02-03T16:56:50","modified_gmt":"2026-02-03T19:56:50","slug":"ucla-calcinable-con-base-de-cromo-rota-ce","status":"publish","type":"product","link":"https:\/\/tree-oss.com\/tienda\/product\/ucla-calcinable-con-base-de-cromo-rota-ce\/","title":{"rendered":"UCLA Calcinable con Base de Cromo Rota. (CE)"},"content":{"rendered":"","protected":false},"excerpt":{"rendered":"<p>Material calcinable con base maquinada de cromo.<br \/>\nCasos unitarios con coronas cementadas.<br \/>\nDise\u00f1o personalizado cuando la direcci\u00f3n del implante no es la ideal.<br \/>\nDise\u00f1e un pilar a medida sin perder precisi\u00f3n ni adaptaci\u00f3n en la conexi\u00f3n con el implante.<br \/>\nIncluye tornillo prot\u00e9tico con conexi\u00f3n hexagonal 0,050.<\/p>\n","protected":false},"featured_media":893,"template":"","meta":[],"product_cat":[207,208,212,214],"product_tag":[],"class_list":{"0":"post-661","1":"product","2":"type-product","3":"status-publish","4":"has-post-thumbnail","6":"product_cat-ucla","7":"product_cat-ce-ucla","8":"product_cat-base-de-cromo","9":"product_cat-rota-base-de-cromo","11":"first","12":"instock","13":"shipping-taxable","14":"purchasable","15":"product-type-variable"},"_links":{"self":[{"href":"https:\/\/tree-oss.com\/tienda\/wp-json\/wp\/v2\/product\/661","targetHints":{"allow":["GET"]}}],"collection":[{"href":"https:\/\/tree-oss.com\/tienda\/wp-json\/wp\/v2\/product"}],"about":[{"href":"https:\/\/tree-oss.com\/tienda\/wp-json\/wp\/v2\/types\/product"}],"wp:featuredmedia":[{"embeddable":true,"href":"https:\/\/tree-oss.com\/tienda\/wp-json\/wp\/v2\/media\/893"}],"wp:attachment":[{"href":"https:\/\/tree-oss.com\/tienda\/wp-json\/wp\/v2\/media?parent=661"}],"wp:term":[{"taxonomy":"product_cat","embeddable":true,"href":"https:\/\/tree-oss.com\/tienda\/wp-json\/wp\/v2\/product_cat?post=661"},{"taxonomy":"product_tag","embeddable":true,"href":"https:\/\/tree-oss.com\/tienda\/wp-json\/wp\/v2\/product_tag?post=661"}],"curies":[{"name":"wp","href":"https:\/\/api.w.org\/{rel}","templated":true}]}}