{"id":654,"date":"2020-04-24T16:56:41","date_gmt":"2020-04-24T19:56:41","guid":{"rendered":"https:\/\/tree-oss.com\/tienda\/?post_type=product&#038;p=654"},"modified":"2026-02-03T16:56:49","modified_gmt":"2026-02-03T19:56:49","slug":"pilar-estetico-angulado-ci","status":"publish","type":"product","link":"https:\/\/tree-oss.com\/tienda\/product\/pilar-estetico-angulado-ci\/","title":{"rendered":"Pilar Est\u00e9tico Angulado (CI)"},"content":{"rendered":"","protected":false},"excerpt":{"rendered":"<p>Confeccionados en titanio.<br \/>\nPermite ser tallado.<br \/>\n15 grados de angulaci\u00f3n.<br \/>\nDise\u00f1o de hombro est\u00e9tico m\u00e1s bajo por vestibular.<br \/>\nCasos unitarios con pr\u00f3tesis cementada.<br \/>\nIdeal para sectores est\u00e9ticos.<br \/>\nIncluye tornillo prot\u00e9tico con conexi\u00f3n hexagonal 0,050.<\/p>\n","protected":false},"featured_media":854,"template":"","meta":[],"product_cat":[195,199,203],"product_tag":[],"class_list":{"0":"post-654","1":"product","2":"type-product","3":"status-publish","4":"has-post-thumbnail","6":"product_cat-pilar-estetico","7":"product_cat-ci-pilar-estetico-recto","8":"product_cat-angulado-ci-pilar-estetico-recto","10":"first","11":"instock","12":"shipping-taxable","13":"purchasable","14":"product-type-variable"},"_links":{"self":[{"href":"https:\/\/tree-oss.com\/tienda\/wp-json\/wp\/v2\/product\/654","targetHints":{"allow":["GET"]}}],"collection":[{"href":"https:\/\/tree-oss.com\/tienda\/wp-json\/wp\/v2\/product"}],"about":[{"href":"https:\/\/tree-oss.com\/tienda\/wp-json\/wp\/v2\/types\/product"}],"wp:featuredmedia":[{"embeddable":true,"href":"https:\/\/tree-oss.com\/tienda\/wp-json\/wp\/v2\/media\/854"}],"wp:attachment":[{"href":"https:\/\/tree-oss.com\/tienda\/wp-json\/wp\/v2\/media?parent=654"}],"wp:term":[{"taxonomy":"product_cat","embeddable":true,"href":"https:\/\/tree-oss.com\/tienda\/wp-json\/wp\/v2\/product_cat?post=654"},{"taxonomy":"product_tag","embeddable":true,"href":"https:\/\/tree-oss.com\/tienda\/wp-json\/wp\/v2\/product_tag?post=654"}],"curies":[{"name":"wp","href":"https:\/\/api.w.org\/{rel}","templated":true}]}}