{"id":652,"date":"2020-04-24T16:53:43","date_gmt":"2020-04-24T19:53:43","guid":{"rendered":"https:\/\/tree-oss.com\/tienda\/?post_type=product&#038;p=652"},"modified":"2026-02-03T16:56:49","modified_gmt":"2026-02-03T19:56:49","slug":"pilar-estetico-angulado-ih","status":"publish","type":"product","link":"https:\/\/tree-oss.com\/tienda\/product\/pilar-estetico-angulado-ih\/","title":{"rendered":"Pilar Est\u00e9tico (CO)"},"content":{"rendered":"","protected":false},"excerpt":{"rendered":"<p>Confeccionados en titanio.<br \/>\nPermite ser tallado.<br \/>\n<strong>15 grados de angulaci\u00f3n. N2<\/strong><br \/>\nDise\u00f1o de hombro est\u00e9tico m\u00e1s bajo por vestibular.<br \/>\nCasos unitarios con pr\u00f3tesis cementada.<br \/>\nIdeal para sectores est\u00e9ticos.<br \/>\nIncluye tornillo prot\u00e9tico con conexi\u00f3n hexagonal 0,050.<\/p>\n","protected":false},"featured_media":2356,"template":"","meta":[],"product_cat":[195,204,206,463],"product_tag":[],"class_list":{"0":"post-652","1":"product","2":"type-product","3":"status-publish","4":"has-post-thumbnail","6":"product_cat-pilar-estetico","7":"product_cat-ih-pilar-estetico-recto","8":"product_cat-angulado-ih-pilar-estetico-recto","9":"product_cat-co-pilar-estetico","11":"first","12":"instock","13":"shipping-taxable","14":"purchasable","15":"product-type-simple"},"_links":{"self":[{"href":"https:\/\/tree-oss.com\/tienda\/wp-json\/wp\/v2\/product\/652","targetHints":{"allow":["GET"]}}],"collection":[{"href":"https:\/\/tree-oss.com\/tienda\/wp-json\/wp\/v2\/product"}],"about":[{"href":"https:\/\/tree-oss.com\/tienda\/wp-json\/wp\/v2\/types\/product"}],"wp:featuredmedia":[{"embeddable":true,"href":"https:\/\/tree-oss.com\/tienda\/wp-json\/wp\/v2\/media\/2356"}],"wp:attachment":[{"href":"https:\/\/tree-oss.com\/tienda\/wp-json\/wp\/v2\/media?parent=652"}],"wp:term":[{"taxonomy":"product_cat","embeddable":true,"href":"https:\/\/tree-oss.com\/tienda\/wp-json\/wp\/v2\/product_cat?post=652"},{"taxonomy":"product_tag","embeddable":true,"href":"https:\/\/tree-oss.com\/tienda\/wp-json\/wp\/v2\/product_tag?post=652"}],"curies":[{"name":"wp","href":"https:\/\/api.w.org\/{rel}","templated":true}]}}