{"id":2405,"date":"2025-07-20T17:33:25","date_gmt":"2025-07-20T20:33:25","guid":{"rendered":"https:\/\/tree-oss.com\/tienda\/?post_type=product&#038;p=2405"},"modified":"2026-02-03T16:56:57","modified_gmt":"2026-02-03T19:56:57","slug":"ucla-calcinable-con-base-de-cromo-anti-n1-co","status":"publish","type":"product","link":"https:\/\/tree-oss.com\/tienda\/product\/ucla-calcinable-con-base-de-cromo-anti-n1-co\/","title":{"rendered":"UCLA Calcinable con Base de Cromo Anti. N1 (CO)"},"content":{"rendered":"","protected":false},"excerpt":{"rendered":"<p>Material calcinable con base maquinada de cromo.<br \/>\nCasos unitarios con coronas cementadas.<br \/>\nDise\u00f1o personalizado cuando la direcci\u00f3n del implante no es la ideal.<br \/>\nDise\u00f1e un pilar a medida sin perder precisi\u00f3n ni adaptaci\u00f3n en la conexi\u00f3n con el implante.<br \/>\nIncluye tornillo prot\u00e9tico con conexi\u00f3n hexagonal 0,050.<\/p>\n","protected":false},"featured_media":2406,"template":"","meta":[],"product_cat":[489,490,492],"product_tag":[],"class_list":{"0":"post-2405","1":"product","2":"type-product","3":"status-publish","4":"has-post-thumbnail","6":"product_cat-co-ucla","7":"product_cat-base-cromo","8":"product_cat-anti-base-cromo","10":"first","11":"instock","12":"shipping-taxable","13":"purchasable","14":"product-type-simple"},"_links":{"self":[{"href":"https:\/\/tree-oss.com\/tienda\/wp-json\/wp\/v2\/product\/2405","targetHints":{"allow":["GET"]}}],"collection":[{"href":"https:\/\/tree-oss.com\/tienda\/wp-json\/wp\/v2\/product"}],"about":[{"href":"https:\/\/tree-oss.com\/tienda\/wp-json\/wp\/v2\/types\/product"}],"wp:featuredmedia":[{"embeddable":true,"href":"https:\/\/tree-oss.com\/tienda\/wp-json\/wp\/v2\/media\/2406"}],"wp:attachment":[{"href":"https:\/\/tree-oss.com\/tienda\/wp-json\/wp\/v2\/media?parent=2405"}],"wp:term":[{"taxonomy":"product_cat","embeddable":true,"href":"https:\/\/tree-oss.com\/tienda\/wp-json\/wp\/v2\/product_cat?post=2405"},{"taxonomy":"product_tag","embeddable":true,"href":"https:\/\/tree-oss.com\/tienda\/wp-json\/wp\/v2\/product_tag?post=2405"}],"curies":[{"name":"wp","href":"https:\/\/api.w.org\/{rel}","templated":true}]}}