{"id":2212,"date":"2025-05-06T15:01:23","date_gmt":"2025-05-06T18:01:23","guid":{"rendered":"https:\/\/tree-oss.com\/tienda\/?post_type=product&#038;p=2212"},"modified":"2025-05-06T15:01:23","modified_gmt":"2025-05-06T18:01:23","slug":"ostiummax-block-cilindro-10-x-6-mm","status":"publish","type":"product","link":"https:\/\/tree-oss.com\/tienda\/product\/ostiummax-block-cilindro-10-x-6-mm\/","title":{"rendered":"OstiumMAX Block &#8211; Cilindro 10 x 6 mm"},"content":{"rendered":"<p><strong>APLICACIONES:<\/strong><\/p>\n<p>Est\u00e1 indicado para el relleno de defectos \u00f3seos<br \/>\ny el aumento \u00f3seo:<\/p>\n<p>\u25e6 Aumento\/reconstrucci\u00f3n del reborde alveolar.<\/p>\n<p>\u25e6 Relleno de alv\u00e9olos postexodoncia.<\/p>\n<p>\u25e6 Implantolog\u00eda: preparaci\u00f3n de sitios de implante,<br \/>\nllenado de dehiscencias \u00f3seas y elevaci\u00f3n del suelo<br \/>\nsinusal maxilar.<\/p>\n<p>\u25e6 Periodontolog\u00eda: relleno de defectos \u00f3seos, soporte<br \/>\nde la membrana durante la regeneraci\u00f3n tisular<br \/>\nguiada (RTG).<\/p>\n<p>\u25e6 Relleno post resecci\u00f3n de tumores.<\/p>\n<p><strong>Usos Previstos:<\/strong><\/p>\n<p>Aumento\/reconstrucci\u00f3n del reborde alveolar.<\/p>\n<p>Relleno de alv\u00e9olos postexodoncia.<\/p>\n<p>Implantolog\u00eda: preparaci\u00f3n de sitios de implante, llenado de\u00a0dehiscencias \u00f3seas y elevaci\u00f3n del suelo sinusal maxilar.<\/p>\n","protected":false},"excerpt":{"rendered":"<p>Unidades prism\u00e1ticas o cil\u00edndricas. Envasado en frasco vial de vidrio y bl\u00edster sellado.<\/p>\n","protected":false},"featured_media":2211,"template":"","meta":[],"product_cat":[347,348,420],"product_tag":[],"class_list":{"0":"post-2212","1":"product","2":"type-product","3":"status-publish","4":"has-post-thumbnail","6":"product_cat-biomateriales","7":"product_cat-ostium","8":"product_cat-ostiummax-block","10":"first","11":"instock","12":"shipping-taxable","13":"purchasable","14":"product-type-simple"},"_links":{"self":[{"href":"https:\/\/tree-oss.com\/tienda\/wp-json\/wp\/v2\/product\/2212","targetHints":{"allow":["GET"]}}],"collection":[{"href":"https:\/\/tree-oss.com\/tienda\/wp-json\/wp\/v2\/product"}],"about":[{"href":"https:\/\/tree-oss.com\/tienda\/wp-json\/wp\/v2\/types\/product"}],"wp:featuredmedia":[{"embeddable":true,"href":"https:\/\/tree-oss.com\/tienda\/wp-json\/wp\/v2\/media\/2211"}],"wp:attachment":[{"href":"https:\/\/tree-oss.com\/tienda\/wp-json\/wp\/v2\/media?parent=2212"}],"wp:term":[{"taxonomy":"product_cat","embeddable":true,"href":"https:\/\/tree-oss.com\/tienda\/wp-json\/wp\/v2\/product_cat?post=2212"},{"taxonomy":"product_tag","embeddable":true,"href":"https:\/\/tree-oss.com\/tienda\/wp-json\/wp\/v2\/product_tag?post=2212"}],"curies":[{"name":"wp","href":"https:\/\/api.w.org\/{rel}","templated":true}]}}