{"id":2149,"date":"2024-11-13T15:35:29","date_gmt":"2024-11-13T18:35:29","guid":{"rendered":"https:\/\/tree-oss.com\/tienda\/?post_type=product&#038;p=2149"},"modified":"2026-02-03T15:19:25","modified_gmt":"2026-02-03T18:19:25","slug":"tissum-sus-mem-hebras-05-ml","status":"publish","type":"product","link":"https:\/\/tree-oss.com\/tienda\/product\/tissum-sus-mem-hebras-05-ml\/","title":{"rendered":"Tissum SUS MEM Hebras 0,5 ml"},"content":{"rendered":"<p><strong>SUS MEM HEBRAS<\/strong>\u00a0es un biomaterial conformado por col\u00e1geno heter\u00f3logo tipo I y III, de origen porcino, el cual ha sido elaborado bajo un proceso exclusivo que garantiza la desantigenizaci\u00f3n y descelularizaci\u00f3n del producto m\u00e9dico, garantizando la seguridad y eficacia del mismo.<\/p>\n<p><strong>BIOCOMPATIBLE<\/strong><br \/>\nEl exclusivo proceso de elaboraci\u00f3n de los biomateriales TISSUM garantiza la biocompatibilidad de sus productos a trav\u00e9s de ensayos tercerizados en base a la norma ISO 10993.<\/p>\n<p><strong>HEMOST\u00c1TICO<\/strong><br \/>\nEstabiliza el co\u00e1gulo, minimizando el riesgo de infecci\u00f3n microbiana.<\/p>\n<p><strong>MODO DE USO<\/strong><br \/>\nPermite su aplicaci\u00f3n de manera directa o bien con hidrataci\u00f3n previa. Tambi\u00e9n puede mezclarse con sangre o concentrado de plaquetas del propio paciente seg\u00fan la necesidad del caso o el procedimiento quir\u00fargico del profesional.<\/p>\n","protected":false},"excerpt":{"rendered":"<h4>Es un biomaterial conformado por col\u00e1geno heter\u00f3logo tipo I y III, de origen porcino. 0,5 ml<\/h4>\n","protected":false},"featured_media":2197,"template":"","meta":[],"product_cat":[347,349,354],"product_tag":[],"class_list":{"0":"post-2149","1":"product","2":"type-product","3":"status-publish","4":"has-post-thumbnail","6":"product_cat-biomateriales","7":"product_cat-tissum","8":"product_cat-susmemhebras","10":"first","11":"instock","12":"shipping-taxable","13":"purchasable","14":"product-type-simple"},"_links":{"self":[{"href":"https:\/\/tree-oss.com\/tienda\/wp-json\/wp\/v2\/product\/2149","targetHints":{"allow":["GET"]}}],"collection":[{"href":"https:\/\/tree-oss.com\/tienda\/wp-json\/wp\/v2\/product"}],"about":[{"href":"https:\/\/tree-oss.com\/tienda\/wp-json\/wp\/v2\/types\/product"}],"wp:featuredmedia":[{"embeddable":true,"href":"https:\/\/tree-oss.com\/tienda\/wp-json\/wp\/v2\/media\/2197"}],"wp:attachment":[{"href":"https:\/\/tree-oss.com\/tienda\/wp-json\/wp\/v2\/media?parent=2149"}],"wp:term":[{"taxonomy":"product_cat","embeddable":true,"href":"https:\/\/tree-oss.com\/tienda\/wp-json\/wp\/v2\/product_cat?post=2149"},{"taxonomy":"product_tag","embeddable":true,"href":"https:\/\/tree-oss.com\/tienda\/wp-json\/wp\/v2\/product_tag?post=2149"}],"curies":[{"name":"wp","href":"https:\/\/api.w.org\/{rel}","templated":true}]}}