{"id":2142,"date":"2024-09-20T15:22:06","date_gmt":"2024-09-20T18:22:06","guid":{"rendered":"https:\/\/tree-oss.com\/tienda\/?post_type=product&#038;p=2142"},"modified":"2026-02-03T15:30:28","modified_gmt":"2026-02-03T18:30:28","slug":"tissum-tabla-cortical-20-x-10-x-1-mm","status":"publish","type":"product","link":"https:\/\/tree-oss.com\/tienda\/product\/tissum-tabla-cortical-20-x-10-x-1-mm\/","title":{"rendered":"Tissum Tabla Cortical 20 x 10 x 1 mm"},"content":{"rendered":"<div class=\"et_pb_module et_pb_text et_pb_text_22 et_pb_text_align_left et_pb_bg_layout_light\">\n<div class=\"et_pb_text_inner\">\n<div class=\"et_pb_module et_pb_text et_pb_text_3 et_pb_text_align_left et_pb_bg_layout_light\">\n<div class=\"et_pb_text_inner\">\n<p>Las\u00a0<strong>Tablas Corticales TISSUM\u00ae<\/strong>\u00a0son el primer producto de origen nacional de este tipo, un biomaterial osteocompatible que establece una estructura de contenci\u00f3n para la colocaci\u00f3n posterior de relleno \u00f3seo.<\/p>\n<p>Las Tablas son un tipo de xenoinjerto de caracter\u00edsticas similares al tejido \u00f3seo de origen humano con una alta tasa de regeneraci\u00f3n \u00f3sea utilizadas principalmente en la T\u00e9cnica de Encofrado o Khoury como andamio estructural en casos de p\u00e9rdida de una o m\u00e1s paredes \u00f3seas o reconstrucci\u00f3n de suelo orbital.<\/p>\n<p>Este biomaterial r\u00edgido permite ser cortado para adaptarse al sitio de cirug\u00eda y no necesita hidrataci\u00f3n previa.<\/p>\n<p>&nbsp;<\/p>\n<\/div>\n<\/div>\n<div class=\"et_pb_module et_pb_text et_pb_text_4 et_pb_text_align_left et_pb_bg_layout_light\">\n<div class=\"et_pb_text_inner\"><strong style=\"color: #555555;\">Nombre gen\u00e9rico:<\/strong><\/div>\n<div class=\"et_pb_text_inner\"><span style=\"color: #555555;\">Matriz \u00f3sea extracelular para regeneraci\u00f3n tisular guiada.<\/span><\/div>\n<\/div>\n<\/div>\n<\/div>\n<div class=\"et_pb_module et_pb_text et_pb_text_23 tituloazul et_pb_text_align_left et_pb_bg_layout_light\">\n<div class=\"et_pb_text_inner\">\n<p>Matriz \u00f3sea cortical.<\/p>\n<p><strong>Composici\u00f3n:<\/strong><br \/>\n100% hueso cortical de origen porcino.<\/p>\n<p>Producto autorizado por A.N.M.A.T. PM-2312-2<\/p>\n<div class=\"et_pb_module et_pb_text et_pb_text_6 et_pb_text_align_left et_pb_bg_layout_light\">\n<div class=\"et_pb_text_inner\">\n<p><strong>Reabsorci\u00f3n estimada:<\/strong><\/p>\n<\/div>\n<\/div>\n<div class=\"et_pb_module et_pb_text et_pb_text_7 tituloazul et_pb_text_align_left et_pb_bg_layout_light\">\n<div class=\"et_pb_text_inner\">\n<p>Entre 4 y 6 meses aproximadamente (seg\u00fan las caracter\u00edsticas del sitio de implante y las condiciones de salud del paciente).<\/p>\n<div class=\"et_pb_module et_pb_text et_pb_text_25 tituloazul et_pb_text_align_left et_pb_bg_layout_light\">\n<div class=\"et_pb_text_inner\">\n<p><strong>Las Tablas Corticales se presentan en los formatos de l\u00e1minas:<br \/>\n<\/strong><\/p>\n<\/div>\n<\/div>\n<div class=\"et_pb_module et_pb_code et_pb_code_2\">\n<div class=\"et_pb_code_inner\">\n<div id=\"tablepress-28-no-2_wrapper\" class=\"dataTables_wrapper no-footer\">\n<table id=\"tablepress-28-no-2\" class=\"tablepress tablepress-id-28 tabla_id_1 dataTable no-footer\" style=\"width: 25.8823%;\">\n<thead>\n<tr class=\"row-1 odd\">\n<th class=\"column-1 sorting_disabled\" style=\"width: 31.3869%;\" colspan=\"1\" rowspan=\"1\">Descripci\u00f3n<\/th>\n<th class=\"column-2 sorting_disabled\" style=\"width: 27.3723%;\" colspan=\"1\" rowspan=\"1\">Contenido<\/th>\n<th class=\"column-3 sorting_disabled\" style=\"width: 79.2907%;\" colspan=\"1\" rowspan=\"1\">Granulometr\u00eda<\/th>\n<\/tr>\n<\/thead>\n<tbody class=\"row-hover\">\n<tr class=\"row-2 even\">\n<td class=\"column-1\" style=\"width: 31.3869%; text-align: center;\">Tabla Cortical<\/td>\n<td class=\"column-2\" style=\"width: 27.3723%; text-align: center;\">1 unidad<\/td>\n<td class=\"column-3\" style=\"width: 79.2907%; text-align: center;\">10 x 10 x 1 mm<\/td>\n<\/tr>\n<tr class=\"row-3 odd\">\n<td class=\"column-1\" style=\"width: 31.3869%; text-align: center;\">Tabla Cortical<\/td>\n<td class=\"column-2\" style=\"width: 27.3723%; text-align: center;\">1 unidad<\/td>\n<td class=\"column-3\" style=\"width: 79.2907%; text-align: center;\">20 x 10 x 1 mm<\/td>\n<\/tr>\n<\/tbody>\n<\/table>\n<\/div>\n<\/div>\n<\/div>\n<div class=\"et_pb_module et_pb_text et_pb_text_26 itemazul et_pb_text_align_left et_pb_bg_layout_light\">\n<div class=\"et_pb_text_inner\">\n<div class=\"et_pb_module et_pb_text et_pb_text_6 et_pb_text_align_left et_pb_bg_layout_light\">\n<div class=\"et_pb_text_inner\"><\/div>\n<\/div>\n<\/div>\n<\/div>\n<\/div>\n<\/div>\n<\/div>\n<\/div>\n","protected":false},"excerpt":{"rendered":"<div class=\"et_pb_module et_pb_text et_pb_text_22 et_pb_text_align_left et_pb_bg_layout_light\">\n<div class=\"et_pb_text_inner\">\n<div class=\"et_pb_module et_pb_text et_pb_text_4 et_pb_text_align_left et_pb_bg_layout_light\">\n<div class=\"et_pb_text_inner\"><span style=\"color: #555555;\">Matriz \u00f3sea extracelular para regeneraci\u00f3n tisular guiada.<\/span><\/div>\n<\/div>\n<\/div>\n<\/div>\n<div class=\"et_pb_module et_pb_text et_pb_text_23 tituloazul et_pb_text_align_left et_pb_bg_layout_light\">\n<div class=\"et_pb_text_inner\">\n<p>Matriz \u00f3sea cortical.<\/p>\n<p>20x10x1 mm<\/p>\n<\/div>\n<\/div>\n","protected":false},"featured_media":2192,"template":"","meta":[],"product_cat":[347,349,368],"product_tag":[],"class_list":{"0":"post-2142","1":"product","2":"type-product","3":"status-publish","4":"has-post-thumbnail","6":"product_cat-biomateriales","7":"product_cat-tissum","8":"product_cat-sus-oss","10":"first","11":"instock","12":"shipping-taxable","13":"purchasable","14":"product-type-simple"},"_links":{"self":[{"href":"https:\/\/tree-oss.com\/tienda\/wp-json\/wp\/v2\/product\/2142","targetHints":{"allow":["GET"]}}],"collection":[{"href":"https:\/\/tree-oss.com\/tienda\/wp-json\/wp\/v2\/product"}],"about":[{"href":"https:\/\/tree-oss.com\/tienda\/wp-json\/wp\/v2\/types\/product"}],"wp:featuredmedia":[{"embeddable":true,"href":"https:\/\/tree-oss.com\/tienda\/wp-json\/wp\/v2\/media\/2192"}],"wp:attachment":[{"href":"https:\/\/tree-oss.com\/tienda\/wp-json\/wp\/v2\/media?parent=2142"}],"wp:term":[{"taxonomy":"product_cat","embeddable":true,"href":"https:\/\/tree-oss.com\/tienda\/wp-json\/wp\/v2\/product_cat?post=2142"},{"taxonomy":"product_tag","embeddable":true,"href":"https:\/\/tree-oss.com\/tienda\/wp-json\/wp\/v2\/product_tag?post=2142"}],"curies":[{"name":"wp","href":"https:\/\/api.w.org\/{rel}","templated":true}]}}