{"id":1855,"date":"2022-04-13T16:42:56","date_gmt":"2022-04-13T19:42:56","guid":{"rendered":"https:\/\/tree-oss.com\/tienda\/?post_type=product&#038;p=1855"},"modified":"2025-07-18T16:45:21","modified_gmt":"2025-07-18T19:45:21","slug":"montura-implante-guided-ih","status":"publish","type":"product","link":"https:\/\/tree-oss.com\/tienda\/product\/montura-implante-guided-ih\/","title":{"rendered":"Montura Implante GUIDED IH"},"content":{"rendered":"<p>Porta-implante de titanio para ser utilizado en la colocaci\u00f3n de los implantes Tree-Oss a trav\u00e9s de la gu\u00eda quir\u00fargica. Provee el correcto eje de inserci\u00f3n y su tope determina la posici\u00f3n tridimensional final del implante. Posicione siempre un punto indicativo hacia vestibular. Tornillo de montaje con conexi\u00f3n hexagonal 050<\/p>\n","protected":false},"excerpt":{"rendered":"<p>Porta-implante de titanio para ser utilizado en la colocaci\u00f3n de los implantes Tree-Oss a trav\u00e9s de la gu\u00eda quir\u00fargica. Provee el correcto eje de inserci\u00f3n y su tope determina la posici\u00f3n tridimensional final del implante. Posicione siempre un punto indicativo hacia vestibular. Tornillo de montaje con conexi\u00f3n hexagonal 050<\/p>\n","protected":false},"featured_media":1837,"template":"","meta":[],"product_cat":[66,77,446],"product_tag":[],"class_list":{"0":"post-1855","1":"product","2":"type-product","3":"status-publish","4":"has-post-thumbnail","6":"product_cat-instrumental","7":"product_cat-instrumental-y-accesorios","8":"product_cat-ih-montura-guided","10":"first","11":"instock","12":"shipping-taxable","13":"purchasable","14":"product-type-simple"},"_links":{"self":[{"href":"https:\/\/tree-oss.com\/tienda\/wp-json\/wp\/v2\/product\/1855","targetHints":{"allow":["GET"]}}],"collection":[{"href":"https:\/\/tree-oss.com\/tienda\/wp-json\/wp\/v2\/product"}],"about":[{"href":"https:\/\/tree-oss.com\/tienda\/wp-json\/wp\/v2\/types\/product"}],"wp:featuredmedia":[{"embeddable":true,"href":"https:\/\/tree-oss.com\/tienda\/wp-json\/wp\/v2\/media\/1837"}],"wp:attachment":[{"href":"https:\/\/tree-oss.com\/tienda\/wp-json\/wp\/v2\/media?parent=1855"}],"wp:term":[{"taxonomy":"product_cat","embeddable":true,"href":"https:\/\/tree-oss.com\/tienda\/wp-json\/wp\/v2\/product_cat?post=1855"},{"taxonomy":"product_tag","embeddable":true,"href":"https:\/\/tree-oss.com\/tienda\/wp-json\/wp\/v2\/product_tag?post=1855"}],"curies":[{"name":"wp","href":"https:\/\/api.w.org\/{rel}","templated":true}]}}