{"id":1833,"date":"2022-04-13T16:26:48","date_gmt":"2022-04-13T19:26:48","guid":{"rendered":"https:\/\/tree-oss.com\/tienda\/?post_type=product&#038;p=1833"},"modified":"2025-05-05T12:47:54","modified_gmt":"2025-05-05T15:47:54","slug":"guided-cilinder-para-anchore-pin-pack-x-5","status":"publish","type":"product","link":"https:\/\/tree-oss.com\/tienda\/product\/guided-cilinder-para-anchore-pin-pack-x-5\/","title":{"rendered":"Guided cilinder para anchor pin pack x 5"},"content":{"rendered":"<p class=\"p1\">Cilindro de titanio para guiar la correcta colocaci\u00f3n de los Anchor Pin. Util\u00edcelos en la confecci\u00f3n de las gu\u00edas quir\u00fargicas. Ranuras de sujeci\u00f3n para mayor estabilidad dentro de la gu\u00eda.<\/p>\n","protected":false},"excerpt":{"rendered":"<p>Cilindro de titanio para guiar la correcta colocaci\u00f3n de los Anchor Pin. Util\u00edcelos en la confecci\u00f3n de las gu\u00edas quir\u00fargicas. Ranuras de sujeci\u00f3n para mayor estabilidad dentro de la gu\u00eda.<\/p>\n","protected":false},"featured_media":1835,"template":"","meta":[],"product_cat":[66,77,408],"product_tag":[],"class_list":{"0":"post-1833","1":"product","2":"type-product","3":"status-publish","4":"has-post-thumbnail","6":"product_cat-instrumental","7":"product_cat-instrumental-y-accesorios","8":"product_cat-cilindro-anchore-pin","10":"first","11":"instock","12":"shipping-taxable","13":"purchasable","14":"product-type-simple"},"_links":{"self":[{"href":"https:\/\/tree-oss.com\/tienda\/wp-json\/wp\/v2\/product\/1833","targetHints":{"allow":["GET"]}}],"collection":[{"href":"https:\/\/tree-oss.com\/tienda\/wp-json\/wp\/v2\/product"}],"about":[{"href":"https:\/\/tree-oss.com\/tienda\/wp-json\/wp\/v2\/types\/product"}],"wp:featuredmedia":[{"embeddable":true,"href":"https:\/\/tree-oss.com\/tienda\/wp-json\/wp\/v2\/media\/1835"}],"wp:attachment":[{"href":"https:\/\/tree-oss.com\/tienda\/wp-json\/wp\/v2\/media?parent=1833"}],"wp:term":[{"taxonomy":"product_cat","embeddable":true,"href":"https:\/\/tree-oss.com\/tienda\/wp-json\/wp\/v2\/product_cat?post=1833"},{"taxonomy":"product_tag","embeddable":true,"href":"https:\/\/tree-oss.com\/tienda\/wp-json\/wp\/v2\/product_tag?post=1833"}],"curies":[{"name":"wp","href":"https:\/\/api.w.org\/{rel}","templated":true}]}}