{"id":1543,"date":"2020-10-02T15:09:55","date_gmt":"2020-10-02T18:09:55","guid":{"rendered":"https:\/\/tree-oss.com\/tienda\/?post_type=product&#038;p=1543"},"modified":"2026-02-03T16:56:55","modified_gmt":"2026-02-03T19:56:55","slug":"analogo-digital-ci","status":"publish","type":"product","link":"https:\/\/tree-oss.com\/tienda\/product\/analogo-digital-ci\/","title":{"rendered":"An\u00e1logo Digital CI"},"content":{"rendered":"","protected":false},"excerpt":{"rendered":"<p>Los an\u00e1logos digitales est\u00e1n dise\u00f1ados para su uso en modelos fabricados en impresoras 3D y confeccionados en titanio.<\/p>\n","protected":false},"featured_media":1503,"template":"","meta":[],"product_cat":[387,384],"product_tag":[],"class_list":{"0":"post-1543","1":"product","2":"type-product","3":"status-publish","4":"has-post-thumbnail","6":"product_cat-ci-analogo-digital","7":"product_cat-analogo-digital","9":"first","10":"instock","11":"shipping-taxable","12":"purchasable","13":"product-type-variable"},"_links":{"self":[{"href":"https:\/\/tree-oss.com\/tienda\/wp-json\/wp\/v2\/product\/1543","targetHints":{"allow":["GET"]}}],"collection":[{"href":"https:\/\/tree-oss.com\/tienda\/wp-json\/wp\/v2\/product"}],"about":[{"href":"https:\/\/tree-oss.com\/tienda\/wp-json\/wp\/v2\/types\/product"}],"wp:featuredmedia":[{"embeddable":true,"href":"https:\/\/tree-oss.com\/tienda\/wp-json\/wp\/v2\/media\/1503"}],"wp:attachment":[{"href":"https:\/\/tree-oss.com\/tienda\/wp-json\/wp\/v2\/media?parent=1543"}],"wp:term":[{"taxonomy":"product_cat","embeddable":true,"href":"https:\/\/tree-oss.com\/tienda\/wp-json\/wp\/v2\/product_cat?post=1543"},{"taxonomy":"product_tag","embeddable":true,"href":"https:\/\/tree-oss.com\/tienda\/wp-json\/wp\/v2\/product_tag?post=1543"}],"curies":[{"name":"wp","href":"https:\/\/api.w.org\/{rel}","templated":true}]}}