{"id":1542,"date":"2020-10-02T15:09:20","date_gmt":"2020-10-02T18:09:20","guid":{"rendered":"https:\/\/tree-oss.com\/tienda\/?post_type=product&#038;p=1542"},"modified":"2026-02-03T16:56:55","modified_gmt":"2026-02-03T19:56:55","slug":"analogo-digital-37mm-ih","status":"publish","type":"product","link":"https:\/\/tree-oss.com\/tienda\/product\/analogo-digital-37mm-ih\/","title":{"rendered":"An\u00e1logo Digital 3,7mm IH"},"content":{"rendered":"","protected":false},"excerpt":{"rendered":"<p>Los an\u00e1logos digitales est\u00e1n dise\u00f1ados para su uso en modelos fabricados en impresoras 3D y confeccionados en titanio<\/p>\n","protected":false},"featured_media":1551,"template":"","meta":[],"product_cat":[385,384],"product_tag":[],"class_list":{"0":"post-1542","1":"product","2":"type-product","3":"status-publish","4":"has-post-thumbnail","6":"product_cat-ih-analogo-digital","7":"product_cat-analogo-digital","9":"first","10":"instock","11":"shipping-taxable","12":"purchasable","13":"product-type-simple"},"_links":{"self":[{"href":"https:\/\/tree-oss.com\/tienda\/wp-json\/wp\/v2\/product\/1542","targetHints":{"allow":["GET"]}}],"collection":[{"href":"https:\/\/tree-oss.com\/tienda\/wp-json\/wp\/v2\/product"}],"about":[{"href":"https:\/\/tree-oss.com\/tienda\/wp-json\/wp\/v2\/types\/product"}],"wp:featuredmedia":[{"embeddable":true,"href":"https:\/\/tree-oss.com\/tienda\/wp-json\/wp\/v2\/media\/1551"}],"wp:attachment":[{"href":"https:\/\/tree-oss.com\/tienda\/wp-json\/wp\/v2\/media?parent=1542"}],"wp:term":[{"taxonomy":"product_cat","embeddable":true,"href":"https:\/\/tree-oss.com\/tienda\/wp-json\/wp\/v2\/product_cat?post=1542"},{"taxonomy":"product_tag","embeddable":true,"href":"https:\/\/tree-oss.com\/tienda\/wp-json\/wp\/v2\/product_tag?post=1542"}],"curies":[{"name":"wp","href":"https:\/\/api.w.org\/{rel}","templated":true}]}}