{"id":1387,"date":"2020-08-12T23:08:36","date_gmt":"2020-08-13T02:08:36","guid":{"rendered":"https:\/\/tree-oss.com\/tienda\/?post_type=product&#038;p=1387"},"modified":"2026-02-03T15:47:56","modified_gmt":"2026-02-03T18:47:56","slug":"tissum-sus-oss","status":"publish","type":"product","link":"https:\/\/tree-oss.com\/tienda\/product\/tissum-sus-oss\/","title":{"rendered":"Tissum SUS OSS"},"content":{"rendered":"<p>Es una familia de rellenos \u00f3seos de origen porcino, que han sido obtenidos por medio de un cuidadoso proceso productivo que permite eliminar todos los agentes antig\u00e9nicos presentes en el hueso de origen animal. El proceso se basa en la eliminaci\u00f3n de c\u00e9lulas, remoci\u00f3n de prote\u00ednas solubles, l\u00edpidos y la modi\ufb01caci\u00f3n estructural del col\u00e1geno presente en la matriz. Todo el proceso se realiza a temperaturas controladas, lo que permite preservar m\u00e1s del 35% del col\u00e1geno nativo de la matriz.<br \/>\nLa conservaci\u00f3n de col\u00e1geno nativo genera un soporte apropiado para la promoci\u00f3n de las se\u00f1ales osteo-inductoras. Tambi\u00e9n es capaz de inducir la diferenciaci\u00f3n de las c\u00e9lulas estaminales mesenquimales osteoprogen\u00e9sicas en osteoblastos. Adem\u00e1s, la asociaci\u00f3n del col\u00e1geno m\u00e1s la matriz de andamio de la hidroxiapatita nativa presente aumentan de modo signi\ufb01cativo la proliferaci\u00f3n de los osteoblastos.<br \/>\nOtras propiedades importantes del col\u00e1geno presente en el relleno son:<\/p>\n<ul>\n<li>Acci\u00f3n hemost\u00e1tica que estabiliza el co\u00e1gulo primario<\/li>\n<li>Osteoconductor<\/li>\n<\/ul>\n<p>Por su origen porcino, esta l\u00ednea posee caracter\u00edsticas biol\u00f3gicas y f\u00edsicoqu\u00edmicas de gran similitud al hueso de origen humano.<\/p>\n<p>PRESENTACION:<\/p>\n<p><strong>Forma f\u00edsica<\/strong><br \/>\nGr\u00e1nulos, tablas y bloques.<br \/>\n<strong>Composici\u00f3n<\/strong><br \/>\n35% Col\u00e1geno de origen porcino.<br \/>\n65% Hidroxiapatita de origen porcino<br \/>\n<strong>Granulometr\u00eda<\/strong><br \/>\n(F) &lt; 210 \u00b5m<br \/>\n(N) entre 210 y 1000 \u00b5m<br \/>\n(G) entre 1000 y 2000 \u00b5m<br \/>\n<strong>Presentaciones<\/strong><br \/>\nGranulado: Frasco vial de 0.5 ml, 1.0 ml y 2.0 ml<br \/>\nBloques de 10x10x10 mm<br \/>\nTablas de 25x10x10 mm<\/p>\n","protected":false},"excerpt":{"rendered":"<p>Relleno \u00f3seo de origen porcino.<\/p>\n","protected":false},"featured_media":2183,"template":"","meta":[],"product_cat":[347,349,368],"product_tag":[],"class_list":{"0":"post-1387","1":"product","2":"type-product","3":"status-publish","4":"has-post-thumbnail","6":"product_cat-biomateriales","7":"product_cat-tissum","8":"product_cat-sus-oss","10":"first","11":"instock","12":"shipping-taxable","13":"purchasable","14":"product-type-variable","15":"has-default-attributes"},"_links":{"self":[{"href":"https:\/\/tree-oss.com\/tienda\/wp-json\/wp\/v2\/product\/1387","targetHints":{"allow":["GET"]}}],"collection":[{"href":"https:\/\/tree-oss.com\/tienda\/wp-json\/wp\/v2\/product"}],"about":[{"href":"https:\/\/tree-oss.com\/tienda\/wp-json\/wp\/v2\/types\/product"}],"wp:featuredmedia":[{"embeddable":true,"href":"https:\/\/tree-oss.com\/tienda\/wp-json\/wp\/v2\/media\/2183"}],"wp:attachment":[{"href":"https:\/\/tree-oss.com\/tienda\/wp-json\/wp\/v2\/media?parent=1387"}],"wp:term":[{"taxonomy":"product_cat","embeddable":true,"href":"https:\/\/tree-oss.com\/tienda\/wp-json\/wp\/v2\/product_cat?post=1387"},{"taxonomy":"product_tag","embeddable":true,"href":"https:\/\/tree-oss.com\/tienda\/wp-json\/wp\/v2\/product_tag?post=1387"}],"curies":[{"name":"wp","href":"https:\/\/api.w.org\/{rel}","templated":true}]}}