{"id":1381,"date":"2020-08-12T22:46:07","date_gmt":"2020-08-13T01:46:07","guid":{"rendered":"https:\/\/tree-oss.com\/tienda\/?post_type=product&#038;p=1381"},"modified":"2026-02-03T15:51:06","modified_gmt":"2026-02-03T18:51:06","slug":"tissum-sus-mem","status":"publish","type":"product","link":"https:\/\/tree-oss.com\/tienda\/product\/tissum-sus-mem\/","title":{"rendered":"Tissum SUS MEM"},"content":{"rendered":"<p>El col\u00e1geno es una familia de prote\u00ednas estructurales que se encuentra en la matriz extracelular de diferentes tejidos. El 25% de las prote\u00ednas encontradas en el cuerpo humano son col\u00e1geno, y este representa el 80% de las prote\u00ednas presentes en el tejido conectivo.<br \/>\nSUS-MEM es una MEMBRANA REABSORBIBLE de Pericardio de Origen Porcino que provee una adecuada<br \/>\nfunci\u00f3n de barrera durante 3 a 6 meses.<br \/>\nSe obtiene del pericardio, que es el saco membranoso que rodea el coraz\u00f3n y est\u00e1 formado por dos capas, una cerosa y otra rugosa. Su composici\u00f3n es rica en col\u00e1geno,y este se encuentra en forma de \ufb01bras que constituyen m\u00faltiples capas entrecruzadas en diferentes direcciones, que conforman una red cristalina junto a la elastina. Esta red mantiene la integridad estructural y la funcionalidad de la membrana. Esta red le proporciona a la membrana de pericardio una alta resistencia a la tracci\u00f3n, lo que permite una correcta sutura en el sitio de implante.<br \/>\nEl col\u00e1geno solo puede ser degradado por enzimas espec\u00ed\ufb01cas (colagenasas) y es resistente a las enzimas proteol\u00edticas inespec\u00ed\ufb01cas. Las membranas de col\u00e1geno contribuyen a una r\u00e1pida estabilizaci\u00f3n de la herida en el sitio de implante y poseen la ventaja de tener atracci\u00f3n<br \/>\nquimiot\u00e1ctica con las c\u00e9lulas regenerativas como los osteoblastos, \ufb01broblastos gingivales y c\u00e9lulas de ligamento periodontal.<\/p>\n<ul>\n<li>Reabsorbible y biocompatible.<\/li>\n<li>Elevada resistencia, lo que permite un amplio rango de suturas y artefactos de \ufb01jaci\u00f3n.<\/li>\n<li>Maleable y f\u00e1cil de manejar.<\/li>\n<li>Tiempo de rehidrataci\u00f3n de 30 a 45 min.<\/li>\n<li>Posibilidad de sutura con los tejidos colindantes en forma segura.<\/li>\n<li>Excelente interfaz membrana\/hueso y membrana\/periostio.<\/li>\n<li>Estabiliza y protege el injerto recubierto<\/li>\n<li>Oclusiva a las c\u00e9lulas: impide la migraci\u00f3n de c\u00e9lulas epiteliales.<\/li>\n<li>Ayuda a estabilizar y mantener el co\u00e1gulo de sangre en el espacio del defecto.<\/li>\n<li>Ejerce la funci\u00f3n de barrera durante el per\u00edodo cr\u00edtico de cicatrizaci\u00f3n.<\/li>\n<li>Es resistente a infecciones en casos en que pueda quedar expuesta.<\/li>\n<li>Actividad quimiot\u00e1ctica<\/li>\n<\/ul>\n","protected":false},"excerpt":{"rendered":"<p>Membrana de pericardio porcino.<\/p>\n","protected":false},"featured_media":2188,"template":"","meta":[],"product_cat":[347,349,353],"product_tag":[],"class_list":{"0":"post-1381","1":"product","2":"type-product","3":"status-publish","4":"has-post-thumbnail","6":"product_cat-biomateriales","7":"product_cat-tissum","8":"product_cat-susmem","10":"first","11":"instock","12":"shipping-taxable","13":"purchasable","14":"product-type-variable"},"_links":{"self":[{"href":"https:\/\/tree-oss.com\/tienda\/wp-json\/wp\/v2\/product\/1381","targetHints":{"allow":["GET"]}}],"collection":[{"href":"https:\/\/tree-oss.com\/tienda\/wp-json\/wp\/v2\/product"}],"about":[{"href":"https:\/\/tree-oss.com\/tienda\/wp-json\/wp\/v2\/types\/product"}],"wp:featuredmedia":[{"embeddable":true,"href":"https:\/\/tree-oss.com\/tienda\/wp-json\/wp\/v2\/media\/2188"}],"wp:attachment":[{"href":"https:\/\/tree-oss.com\/tienda\/wp-json\/wp\/v2\/media?parent=1381"}],"wp:term":[{"taxonomy":"product_cat","embeddable":true,"href":"https:\/\/tree-oss.com\/tienda\/wp-json\/wp\/v2\/product_cat?post=1381"},{"taxonomy":"product_tag","embeddable":true,"href":"https:\/\/tree-oss.com\/tienda\/wp-json\/wp\/v2\/product_tag?post=1381"}],"curies":[{"name":"wp","href":"https:\/\/api.w.org\/{rel}","templated":true}]}}