{"id":1378,"date":"2020-08-12T22:24:14","date_gmt":"2020-08-13T01:24:14","guid":{"rendered":"https:\/\/tree-oss.com\/tienda\/?post_type=product&#038;p=1378"},"modified":"2025-04-14T14:25:36","modified_gmt":"2025-04-14T17:25:36","slug":"ostiummaxg","status":"publish","type":"product","link":"https:\/\/tree-oss.com\/tienda\/product\/ostiummaxg\/","title":{"rendered":"OstiumMaxG"},"content":{"rendered":"<p>OstiumMaxG es un biomaterial, al que se le ha retirado toda la materia org\u00e1nica quedando conformado exclusivamente por matriz \u00f3sea, posee una granulometr\u00eda que va desde las 1000 a 2380 micras, y un tama\u00f1o de poro superior a las 100 micras.<br \/>\nLa composici\u00f3n biol\u00f3gica y el amplio volumen de poros interconectados favorecen la formaci\u00f3n y el crecimiento de nuevo hueso en el sitio de implantaci\u00f3n. A lo largo del tiempo experimenta una remodelaci\u00f3n fisiol\u00f3gica por la invasi\u00f3n de los osteoclastos y osteoblastos Por no contener material org\u00e1nico, estar formada de hidroxiapatita y tener una estructura porosa adecuada, cumple con los requisitos de ser biocompatible.<br \/>\nOstiumMAX G presenta cohesividad y fuerza estructural alta, su disponibilidad en tiempo y cantidad es elevada.<\/p>\n<p>&nbsp;<\/p>\n<p><strong>MODO DE USO<\/strong><\/p>\n<p>OstiumMax G en polvo granulado est\u00e1 indicado para el relleno de defectos \u00f3seos y el aumento \u00f3seo<\/p>\n<ol>\n<li><strong>Implantolog\u00eda:<\/strong> preparaci\u00f3n de sitios de implante, llenado de dehiscencias \u00f3seas y principalmente elevaci\u00f3n del suelo sinusal maxilar.<\/li>\n<li><strong>Periodontolog\u00eda:<\/strong> relleno de defectos \u00f3seos, soporte de la membrana durante la regeneraci\u00f3n tisular guiada (RTG).<\/li>\n<\/ol>\n","protected":false},"excerpt":{"rendered":"<p>Sustituto \u00f3seo biol\u00f3gico. Mayor Granulometr\u00eda. <strong>1gr.<\/strong><\/p>\n","protected":false},"featured_media":1363,"template":"","meta":[],"product_cat":[347,348,352],"product_tag":[],"class_list":{"0":"post-1378","1":"product","2":"type-product","3":"status-publish","4":"has-post-thumbnail","6":"product_cat-biomateriales","7":"product_cat-ostium","8":"product_cat-ostiummaxg","10":"first","11":"instock","12":"shipping-taxable","13":"purchasable","14":"product-type-simple"},"_links":{"self":[{"href":"https:\/\/tree-oss.com\/tienda\/wp-json\/wp\/v2\/product\/1378","targetHints":{"allow":["GET"]}}],"collection":[{"href":"https:\/\/tree-oss.com\/tienda\/wp-json\/wp\/v2\/product"}],"about":[{"href":"https:\/\/tree-oss.com\/tienda\/wp-json\/wp\/v2\/types\/product"}],"wp:featuredmedia":[{"embeddable":true,"href":"https:\/\/tree-oss.com\/tienda\/wp-json\/wp\/v2\/media\/1363"}],"wp:attachment":[{"href":"https:\/\/tree-oss.com\/tienda\/wp-json\/wp\/v2\/media?parent=1378"}],"wp:term":[{"taxonomy":"product_cat","embeddable":true,"href":"https:\/\/tree-oss.com\/tienda\/wp-json\/wp\/v2\/product_cat?post=1378"},{"taxonomy":"product_tag","embeddable":true,"href":"https:\/\/tree-oss.com\/tienda\/wp-json\/wp\/v2\/product_tag?post=1378"}],"curies":[{"name":"wp","href":"https:\/\/api.w.org\/{rel}","templated":true}]}}