{"id":1375,"date":"2020-08-12T22:16:43","date_gmt":"2020-08-13T01:16:43","guid":{"rendered":"https:\/\/tree-oss.com\/tienda\/?post_type=product&#038;p=1375"},"modified":"2025-11-17T15:58:14","modified_gmt":"2025-11-17T18:58:14","slug":"ostiummax","status":"publish","type":"product","link":"https:\/\/tree-oss.com\/tienda\/product\/ostiummax\/","title":{"rendered":"OstiumMAX"},"content":{"rendered":"<p>Biomaterial compuesto de hidroxiapatita o matriz mineral inorg\u00e1nica de hueso esponjoso, obtenida por procesamiento fisicoqu\u00edmico del hueso de la cabeza femoral bovina, al cual se ha eliminado sus componentes org\u00e1nicos.<br \/>\nEl hueso poroso al que se le ha retirado toda la materia org\u00e1nica quedando \u00fanicamente conformado por la matriz \u00f3sea se conoce como hueso inorg\u00e1nico desproteinizado y resulta ser \u00fatil en el campo de los implantes xenog\u00e9nicos (proveniente de especies diferentes), posee una granulometr\u00eda que va desde las 250 a 1.680 micras, siendo la correcta para permitir el crecimiento del tejido \u00f3seo. Por no contener material org\u00e1nico, estar formada de hidroxiapatita y tener una estructura porosa adecuada, cumple con los requisitos de ser biocompatible. La matriz \u00f3sea o hueso inorg\u00e1nico presenta cohesividad y fuerza estructural alta, su disponibilidad en tiempo y cantidad es elevada.<\/p>\n<p>&nbsp;<\/p>\n<p><strong>MODO DE USO<\/strong><\/p>\n<p>Est\u00e1 indicado para el <strong>relleno de defectos \u00f3seos<\/strong> y el <strong>aumento \u00f3seo.<\/strong><\/p>\n<ol>\n<li>Aumento\/reconstrucci\u00f3n del reborde alveolar.<\/li>\n<li>Relleno de alv\u00e9olos postexodoncia.<\/li>\n<li><strong>Implantolog\u00eda:<\/strong> preparaci\u00f3n de sitios de implante, llenado de dehiscencias \u00f3seas y elevaci\u00f3n del suelo sinusal maxilar.<\/li>\n<li><strong>Periodontolog\u00eda:<\/strong> relleno de defectos \u00f3seos, soporte de la membrana durante la regeneraci\u00f3n tisular guiada (RTG).<\/li>\n<\/ol>\n","protected":false},"excerpt":{"rendered":"<p>Sustituto \u00f3seo biol\u00f3gico.<\/p>\n","protected":false},"featured_media":1362,"template":"","meta":[],"product_cat":[347,348,351],"product_tag":[],"class_list":{"0":"post-1375","1":"product","2":"type-product","3":"status-publish","4":"has-post-thumbnail","6":"product_cat-biomateriales","7":"product_cat-ostium","8":"product_cat-ostiummax","10":"first","11":"instock","12":"shipping-taxable","13":"purchasable","14":"product-type-variable"},"_links":{"self":[{"href":"https:\/\/tree-oss.com\/tienda\/wp-json\/wp\/v2\/product\/1375","targetHints":{"allow":["GET"]}}],"collection":[{"href":"https:\/\/tree-oss.com\/tienda\/wp-json\/wp\/v2\/product"}],"about":[{"href":"https:\/\/tree-oss.com\/tienda\/wp-json\/wp\/v2\/types\/product"}],"wp:featuredmedia":[{"embeddable":true,"href":"https:\/\/tree-oss.com\/tienda\/wp-json\/wp\/v2\/media\/1362"}],"wp:attachment":[{"href":"https:\/\/tree-oss.com\/tienda\/wp-json\/wp\/v2\/media?parent=1375"}],"wp:term":[{"taxonomy":"product_cat","embeddable":true,"href":"https:\/\/tree-oss.com\/tienda\/wp-json\/wp\/v2\/product_cat?post=1375"},{"taxonomy":"product_tag","embeddable":true,"href":"https:\/\/tree-oss.com\/tienda\/wp-json\/wp\/v2\/product_tag?post=1375"}],"curies":[{"name":"wp","href":"https:\/\/api.w.org\/{rel}","templated":true}]}}