{"id":1019,"date":"2020-05-04T15:44:21","date_gmt":"2020-05-04T18:44:21","guid":{"rendered":"https:\/\/tree-oss.com\/tienda\/?post_type=product&#038;p=1019"},"modified":"2025-05-05T12:47:51","modified_gmt":"2025-05-05T15:47:51","slug":"tree-oss-elemental-kit-recto","status":"publish","type":"product","link":"https:\/\/tree-oss.com\/tienda\/product\/tree-oss-elemental-kit-recto\/","title":{"rendered":"Tree\u00b7Oss<sup>\u00ae&#xfe0f;<\/sup> Elemental Kit Recto"},"content":{"rendered":"<p>El <strong>Tree\u00b7Oss<sup>\u00ae<\/sup><\/strong><strong>\u00a0Surgical Elemental Kit<\/strong>\u00a0<strong>Recto<\/strong> permite la colocaci\u00f3n de implantes rectos y c\u00f3nicos.<\/p>\n<p>Su dise\u00f1o moderno y compacto as\u00ed como los materiales en los que est\u00e1 confeccionado lo convierten en la mejor elecci\u00f3n para el profesional que quiere tener <strong>siempre a mano lo elemental.<\/strong><\/p>\n<p>El <strong>Tree\u00b7Oss<sup>\u00ae<\/sup><\/strong><strong>\u00a0Elemental Kit<\/strong>\u00a0<strong>Recto<\/strong> es un exclusivo sistema quir\u00fargico que permite colocar los dise\u00f1os de implantes <strong>Tree\u00b7Oss<sup>\u00ae<\/sup><\/strong><strong>\u00a0Rectos<\/strong> con un solo kit de dise\u00f1o compacto y ergon\u00f3mico.<\/p>\n<p>En el sector superior del kit se encuentran los componentes de colocaci\u00f3n m\u00e1s utilizados incluida una llave torqu\u00edmetro para asegurar un correcto anclaje inicial. En el sector izquierdo las fresas rectas para la colocaci\u00f3n de implantes <strong>Tree\u00b7Oss<sup>\u00ae<\/sup><\/strong><strong> Rapid, Tree\u00b7Oss<sup>\u00ae<\/sup>\u00a0Simple<\/strong> y <strong>Tree\u00b7Oss<sup>\u00ae<\/sup><\/strong><strong>\u00a0HS.<\/strong><\/p>\n<p>Incluye:<\/p>\n<p class=\"p1\">Fresa Lanza DIAMOND &#8211; Fresa recta DIAMOND \u00d82 &#8211; Fresa recta DIAMOND \u00d82,5 &#8211; Fresa recta DIAMOND \u00d83 &#8211; Fresa recta DIAMOND \u00d83,2 &#8211; Fresa recta DIAMOND \u00d83,4 &#8211; Fresa recta DIAMOND \u00d83,8 &#8211; Fresa recta DIAMOND \u00d84,2 &#8211; 2 Paralelizadores &#8211; Inserto mec\u00e1nico &#8211; Inserto llave &#8211; Prolongador de fresa &#8211; Llave Torqu\u00edmetro &#8211; Destornillador 0,035 Manual &#8211; Destornillador 0,050 Manual CORTO &#8211; BOX QUIRURGICA ELEMENTAL PLUS vac\u00eda.<\/p>\n<p>&nbsp;<\/p>\n","protected":false},"excerpt":{"rendered":"<p><strong>Tree\u00b7Oss<sup>\u00ae<\/sup> Surgical Elemental Kit Recto<\/strong> permite la colocaci\u00f3n de implantes rectos. Leer en la descripci\u00f3n lo que incluye \u00e9ste kit.<\/p>\n","protected":false},"featured_media":1017,"template":"","meta":[],"product_cat":[72,66,82,331],"product_tag":[],"class_list":{"0":"post-1019","1":"product","2":"type-product","3":"status-publish","4":"has-post-thumbnail","6":"product_cat-kits-completos","7":"product_cat-instrumental","8":"product_cat-elemental","9":"product_cat-kit-elemental-recto","11":"first","12":"instock","13":"shipping-taxable","14":"purchasable","15":"product-type-simple"},"_links":{"self":[{"href":"https:\/\/tree-oss.com\/tienda\/wp-json\/wp\/v2\/product\/1019","targetHints":{"allow":["GET"]}}],"collection":[{"href":"https:\/\/tree-oss.com\/tienda\/wp-json\/wp\/v2\/product"}],"about":[{"href":"https:\/\/tree-oss.com\/tienda\/wp-json\/wp\/v2\/types\/product"}],"wp:featuredmedia":[{"embeddable":true,"href":"https:\/\/tree-oss.com\/tienda\/wp-json\/wp\/v2\/media\/1017"}],"wp:attachment":[{"href":"https:\/\/tree-oss.com\/tienda\/wp-json\/wp\/v2\/media?parent=1019"}],"wp:term":[{"taxonomy":"product_cat","embeddable":true,"href":"https:\/\/tree-oss.com\/tienda\/wp-json\/wp\/v2\/product_cat?post=1019"},{"taxonomy":"product_tag","embeddable":true,"href":"https:\/\/tree-oss.com\/tienda\/wp-json\/wp\/v2\/product_tag?post=1019"}],"curies":[{"name":"wp","href":"https:\/\/api.w.org\/{rel}","templated":true}]}}