{"id":380,"date":"2020-01-27T20:57:08","date_gmt":"2020-01-27T23:57:08","guid":{"rendered":"https:\/\/tree-oss.com\/tienda\/request-quote\/"},"modified":"2020-01-27T20:57:08","modified_gmt":"2020-01-27T23:57:08","slug":"request-quote","status":"publish","type":"page","link":"https:\/\/tree-oss.com\/tienda\/request-quote\/","title":{"rendered":"Request a Quote"},"content":{"rendered":"\n<div class=\"woocommerce ywraq-wrapper\">\n\n        <div id=\"yith-ywraq-message\"><div class=\"ywraq-question-message\">\n\t<\/div><\/div>\n        <p class=\"ywraq_list_empty_message\">Tu lista est\u00e1 vac\u00eda, a\u00f1ade productos a la lista para enviar una solicitud<p><p class=\"return-to-shop\"><a class=\"button wc-backward\" href=\"https:\/\/tree-oss.com\/tienda\/\">Volver a la tienda<\/a><p>\n\n    <\/div>\n","protected":false},"excerpt":{"rendered":"","protected":false},"author":1,"featured_media":0,"parent":0,"menu_order":0,"comment_status":"closed","ping_status":"closed","template":"","meta":{"footnotes":""},"class_list":["post-380","page","type-page","status-publish","hentry"],"_links":{"self":[{"href":"https:\/\/tree-oss.com\/tienda\/wp-json\/wp\/v2\/pages\/380","targetHints":{"allow":["GET"]}}],"collection":[{"href":"https:\/\/tree-oss.com\/tienda\/wp-json\/wp\/v2\/pages"}],"about":[{"href":"https:\/\/tree-oss.com\/tienda\/wp-json\/wp\/v2\/types\/page"}],"author":[{"embeddable":true,"href":"https:\/\/tree-oss.com\/tienda\/wp-json\/wp\/v2\/users\/1"}],"replies":[{"embeddable":true,"href":"https:\/\/tree-oss.com\/tienda\/wp-json\/wp\/v2\/comments?post=380"}],"version-history":[{"count":0,"href":"https:\/\/tree-oss.com\/tienda\/wp-json\/wp\/v2\/pages\/380\/revisions"}],"wp:attachment":[{"href":"https:\/\/tree-oss.com\/tienda\/wp-json\/wp\/v2\/media?parent=380"}],"curies":[{"name":"wp","href":"https:\/\/api.w.org\/{rel}","templated":true}]}}