{"id":2,"date":"2019-05-18T22:43:17","date_gmt":"2019-05-19T01:43:17","guid":{"rendered":"https:\/\/tree-oss.com\/tienda\/?page_id=2"},"modified":"2020-07-31T15:54:23","modified_gmt":"2020-07-31T18:54:23","slug":"inicio","status":"publish","type":"page","link":"https:\/\/tree-oss.com\/tienda\/inicio\/","title":{"rendered":"Inicio"},"content":{"rendered":"<div class=\"slider-wrapper relative\" id=\"slider-1469815675\" >\n    <div class=\"slider slider-nav-dots-simple slider-nav-simple slider-nav-large slider-nav-dark slider-style-normal\"\n        data-flickity-options='{\n            \"cellAlign\": \"center\",\n            \"imagesLoaded\": true,\n            \"lazyLoad\": 1,\n            \"freeScroll\": false,\n            \"wrapAround\": true,\n            \"autoPlay\": 6000,\n            \"pauseAutoPlayOnHover\" : true,\n            \"prevNextButtons\": true,\n            \"contain\" : true,\n            \"adaptiveHeight\" : true,\n            \"dragThreshold\" : 10,\n            \"percentPosition\": true,\n            \"pageDots\": false,\n            \"rightToLeft\": false,\n            \"draggable\": true,\n            \"selectedAttraction\": 0.1,\n            \"parallax\" : 0,\n            \"friction\": 0.6        }'\n        >\n        \n\n  <div class=\"banner has-hover has-slide-effect slide-fade-in\" id=\"banner-937417507\">\n          <div class=\"banner-inner fill\">\n        <div class=\"banner-bg fill\" >\n            <div class=\"bg fill bg-fill \"><\/div>\n                                    \n\t<div class=\"is-border\"\n\t\tstyle=\"border-color:rgb(213, 213, 213);border-width:0px 0px 1 0px;\">\n\t<\/div>\n                    <\/div><!-- bg-layers -->\n        <div class=\"banner-layers container\">\n            <div class=\"fill banner-link\"><\/div>            \n        <\/div><!-- .banner-layers -->\n      <\/div><!-- .banner-inner -->\n\n            \n<style scope=\"scope\">\n\n#banner-937417507 {\n  padding-top: 33%;\n}\n#banner-937417507 .bg.bg-loaded {\n  background-image: url(https:\/\/tree-oss.com\/tienda\/wp-content\/uploads\/2020\/07\/Slider1.jpg);\n}\n<\/style>\n  <\/div><!-- .banner -->\n\n\n\n  <div class=\"banner has-hover has-slide-effect slide-fade-in\" id=\"banner-1701153800\">\n          <div class=\"banner-inner fill\">\n        <div class=\"banner-bg fill\" >\n            <div class=\"bg fill bg-fill \"><\/div>\n                                    \n                    <\/div><!-- bg-layers -->\n        <div class=\"banner-layers container\">\n            <div class=\"fill banner-link\"><\/div>            \n        <\/div><!-- .banner-layers -->\n      <\/div><!-- .banner-inner -->\n\n            \n<style scope=\"scope\">\n\n#banner-1701153800 {\n  padding-top: 33%;\n}\n#banner-1701153800 .bg.bg-loaded {\n  background-image: url(https:\/\/tree-oss.com\/tienda\/wp-content\/uploads\/2020\/07\/Slider2.jpg);\n}\n#banner-1701153800 .bg {\n  background-position: 62% 68%;\n}\n<\/style>\n  <\/div><!-- .banner -->\n\n\n\n  <div class=\"banner has-hover has-slide-effect slide-fade-in\" id=\"banner-1892112942\">\n          <div class=\"banner-inner fill\">\n        <div class=\"banner-bg fill\" >\n            <div class=\"bg fill bg-fill \"><\/div>\n                                    \n                    <\/div><!-- bg-layers -->\n        <div class=\"banner-layers container\">\n            <div class=\"fill banner-link\"><\/div>            \n        <\/div><!-- .banner-layers -->\n      <\/div><!-- .banner-inner -->\n\n            \n<style scope=\"scope\">\n\n#banner-1892112942 {\n  padding-top: 33%;\n}\n#banner-1892112942 .bg.bg-loaded {\n  background-image: url(https:\/\/tree-oss.com\/tienda\/wp-content\/uploads\/2020\/07\/Slider3.jpg);\n}\n#banner-1892112942 .bg {\n  background-position: 62% 68%;\n}\n<\/style>\n  <\/div><!-- .banner -->\n\n\n\n  <div class=\"banner has-hover has-slide-effect slide-fade-in\" id=\"banner-1097702904\">\n          <div class=\"banner-inner fill\">\n        <div class=\"banner-bg fill\" >\n            <div class=\"bg fill bg-fill \"><\/div>\n                                    \n                    <\/div><!-- bg-layers -->\n        <div class=\"banner-layers container\">\n            <div class=\"fill banner-link\"><\/div>            \n        <\/div><!-- .banner-layers -->\n      <\/div><!-- .banner-inner -->\n\n            \n<style scope=\"scope\">\n\n#banner-1097702904 {\n  padding-top: 33%;\n}\n#banner-1097702904 .bg.bg-loaded {\n  background-image: url(https:\/\/tree-oss.com\/tienda\/wp-content\/uploads\/2020\/07\/Slider4.jpg);\n}\n#banner-1097702904 .bg {\n  background-position: 62% 68%;\n}\n<\/style>\n  <\/div><!-- .banner -->\n\n\n     <\/div>\n\n     <div class=\"loading-spin dark large centered\"><\/div>\n\n     <style scope=\"scope\">\n             <\/style>\n<\/div><!-- .ux-slider-wrapper -->\n\n\n\t<section class=\"section\" id=\"section_1394949556\">\n\t\t<div class=\"bg section-bg fill bg-fill  bg-loaded\" >\n\n\t\t\t\n\t\t\t\n\t\t\t\n\n\t\t<\/div><!-- .section-bg -->\n\n\t\t<div class=\"section-content relative\">\n\t\t\t\n<div class=\"row row-large align-center row-divided\"  id=\"row-1348694304\">\n<div class=\"col medium-3 large-3\"  ><div class=\"col-inner\"  >\n\n\t<a class=\"plain\" href=\"https:\/\/tree-oss.com\/tienda\/my-account\/\"  >\t<div class=\"icon-box featured-box icon-box-center text-center\"  style=\"margin:0px 0px 0px 0px;\">\n\t\t\t\t\t<div class=\"icon-box-img has-icon-bg\" style=\"width: 114px\">\n\t\t\t\t<div class=\"icon\">\n\t\t\t\t\t<div class=\"icon-inner\" style=\"border-width:2px;\">\n\t\t\t\t\t\t<svg id=\"_x31_\" enable-background=\"new 0 0 24 24\" height=\"512\" viewBox=\"0 0 24 24\" width=\"512\" xmlns=\"http:\/\/www.w3.org\/2000\/svg\"><path d=\"m11.894 24c-.131 0-.259-.052-.354-.146-.118-.118-.17-.288-.137-.451l.707-3.535c.02-.098.066-.187.137-.256l7.778-7.778c.584-.584 1.537-.584 2.121 0l1.414 1.414c.585.585.585 1.536 0 2.121l-7.778 7.778c-.069.07-.158.117-.256.137l-3.535.707c-.032.006-.065.009-.097.009zm1.168-3.789-.53 2.651 2.651-.53 7.671-7.671c.195-.195.195-.512 0-.707l-1.414-1.414c-.195-.195-.512-.195-.707 0zm2.367 2.582h.01z\"\/><path d=\"m9.5 21h-7c-1.379 0-2.5-1.121-2.5-2.5v-13c0-1.379 1.121-2.5 2.5-2.5h2c.276 0 .5.224.5.5s-.224.5-.5.5h-2c-.827 0-1.5.673-1.5 1.5v13c0 .827.673 1.5 1.5 1.5h7c.276 0 .5.224.5.5s-.224.5-.5.5z\"\/><path d=\"m16.5 12c-.276 0-.5-.224-.5-.5v-6c0-.827-.673-1.5-1.5-1.5h-2c-.276 0-.5-.224-.5-.5s.224-.5.5-.5h2c1.379 0 2.5 1.121 2.5 2.5v6c0 .276-.224.5-.5.5z\"\/><path d=\"m11.5 6h-6c-.827 0-1.5-.673-1.5-1.5v-2c0-.276.224-.5.5-.5h1.55c.232-1.14 1.243-2 2.45-2s2.218.86 2.45 2h1.55c.276 0 .5.224.5.5v2c0 .827-.673 1.5-1.5 1.5zm-6.5-3v1.5c0 .275.225.5.5.5h6c.275 0 .5-.225.5-.5v-1.5h-1.5c-.276 0-.5-.224-.5-.5 0-.827-.673-1.5-1.5-1.5s-1.5.673-1.5 1.5c0 .276-.224.5-.5.5z\"\/><path d=\"m13.5 9h-10c-.276 0-.5-.224-.5-.5s.224-.5.5-.5h10c.276 0 .5.224.5.5s-.224.5-.5.5z\"\/><path d=\"m13.5 12h-10c-.276 0-.5-.224-.5-.5s.224-.5.5-.5h10c.276 0 .5.224.5.5s-.224.5-.5.5z\"\/><path d=\"m13.5 15h-10c-.276 0-.5-.224-.5-.5s.224-.5.5-.5h10c.276 0 .5.224.5.5s-.224.5-.5.5z\"\/><\/svg>\t\t\t\t\t<\/div>\n\t\t\t\t<\/div>\n\t\t\t<\/div>\n\t\t\t\t<div class=\"icon-box-text last-reset\">\n\t\t\t<h5 class=\"uppercase\">Registrate \/ Ingres\u00e1<\/h5>\t\t\t\t\t\t\n<p>Al registrarte, que no te tomar\u00e1 m\u00e1s de un minuto, tendr\u00e1s acceso a comprar\u00a0 en nuestra tienda.<\/p>\n\t\t<\/div>\n\t<\/div><!-- .icon-box -->\n\t<\/a>\n\t\n<\/div><\/div>\n<div class=\"col medium-3 large-3\"  ><div class=\"col-inner\"  >\n\n\t<a class=\"plain\" href=\"https:\/\/tree-oss.com\/tienda\/como-comprar\/\"  >\t<div class=\"icon-box featured-box icon-box-center text-center\"  style=\"margin:0px 0px 0px 0px;\">\n\t\t\t\t\t<div class=\"icon-box-img has-icon-bg\" style=\"width: 114px\">\n\t\t\t\t<div class=\"icon\">\n\t\t\t\t\t<div class=\"icon-inner\" style=\"border-width:2px;\">\n\t\t\t\t\t\t<?xml version=\"1.0\"?>\n<svg xmlns=\"http:\/\/www.w3.org\/2000\/svg\" viewBox=\"0 0 64 64\" width=\"512\" height=\"512\"><g id=\"delivery-avatar-smartphone-mobile-money\"><path d=\"M39,44H29.87a5.007,5.007,0,0,0-4.9-4.01h-.02L20,40V37.5a6.5,6.5,0,0,0,4-6V25h3a1,1,0,0,0,1-1,7,7,0,0,0-10.64-5.98c-.12-.01-.24-.02-.36-.02a6,6,0,0,0-6,6v1H10a2.006,2.006,0,0,0-2,2v2a2.006,2.006,0,0,0,2,2h1v.5a6.448,6.448,0,0,0,1,3.45V40H7a5,5,0,0,0-5,5V61a1,1,0,0,0,1,1H39a1,1,0,0,0,1-1V45A1,1,0,0,0,39,44ZM11,29H10V27h1Zm6-9a2.962,2.962,0,0,1,.31.03l.17.02a1.009,1.009,0,0,0,.69-.17A5,5,0,0,1,25.9,23H13.13A4,4,0,0,1,17,20Zm-4,5h9v6.5a4.5,4.5,0,0,1-9,0Zm5,12.97v2.84l-1.29,3.23L14,40.65V36.97A6.445,6.445,0,0,0,17.5,38,4.193,4.193,0,0,0,18,37.97ZM4,45a3.009,3.009,0,0,1,3-3h5.52l3.7,4.62a1.008,1.008,0,0,0,.93.37,1,1,0,0,0,.78-.62L19.68,42l5.28-.01h.01A3.006,3.006,0,0,1,27.79,44H23a1,1,0,0,0-1,1v8H19a.977.977,0,0,0-.89.55L17.38,55H10V50a1,1,0,0,0-1-1H4ZM24,60H4V51H8v5a1,1,0,0,0,1,1h9a.977.977,0,0,0,.89-.55L19.62,55H23a1,1,0,0,1,1,1Zm14,0H26V56a3.01,3.01,0,0,0-2-2.82V50H38Zm0-12H24V46H38Z\"\/><path d=\"M59,2H37a3.009,3.009,0,0,0-3,3V40a3.009,3.009,0,0,0,3,3H59a3.009,3.009,0,0,0,3-3V5A3.009,3.009,0,0,0,59,2Zm1,38a1,1,0,0,1-1,1H37a1,1,0,0,1-1-1V33H60Zm0-9H36V8H60ZM60,6H36V5a1,1,0,0,1,1-1H59a1,1,0,0,1,1,1Z\"\/><path d=\"M48,34a3,3,0,1,0,3,3A3,3,0,0,0,48,34Zm0,4a1,1,0,1,1,1-1A1,1,0,0,1,48,38Z\"\/><path d=\"M48,10a9,9,0,1,0,9,9A9.014,9.014,0,0,0,48,10Zm0,16a7,7,0,1,1,7-7A7.008,7.008,0,0,1,48,26Z\"\/><path d=\"M52,21a3.009,3.009,0,0,1-3,3v1H47V24a3.009,3.009,0,0,1-3-3h2a1,1,0,0,0,1,1h2a1,1,0,0,0,0-2H47a3,3,0,0,1,0-6V13h2v1a3.009,3.009,0,0,1,3,3H50a1,1,0,0,0-1-1H47a1,1,0,0,0,0,2h2A3.009,3.009,0,0,1,52,21Z\"\/><\/g><\/svg>\n\t\t\t\t\t<\/div>\n\t\t\t\t<\/div>\n\t\t\t<\/div>\n\t\t\t\t<div class=\"icon-box-text last-reset\">\n\t\t\t<h5 class=\"uppercase\">Cotiz\u00e1 online<\/h5>\t\t\t\t\t\t\n<p>Si no est\u00e1s registrado, ver\u00e1s los productos sin precio pero podr\u00e1s generar una cotizaci\u00f3n.<\/p>\n\t\t<\/div>\n\t<\/div><!-- .icon-box -->\n\t<\/a>\n\t\n<\/div><\/div>\n<div class=\"col medium-3 large-3\"  ><div class=\"col-inner\"  >\n\n\t<a class=\"plain\" href=\"https:\/\/tree-oss.com\/tienda\/como-comprar\/\"  >\t<div class=\"icon-box featured-box icon-box-center text-center\"  style=\"margin:0px 0px 0px 0px;\">\n\t\t\t\t\t<div class=\"icon-box-img has-icon-bg\" style=\"width: 114px\">\n\t\t\t\t<div class=\"icon\">\n\t\t\t\t\t<div class=\"icon-inner\" style=\"border-width:2px;\">\n\t\t\t\t\t\t<?xml version=\"1.0\" encoding=\"iso-8859-1\"?>\r\n<!-- Generator: Adobe Illustrator 19.0.0, SVG Export Plug-In . SVG Version: 6.00 Build 0)  -->\r\n<svg version=\"1.1\" id=\"Capa_1\" xmlns=\"http:\/\/www.w3.org\/2000\/svg\" xmlns:xlink=\"http:\/\/www.w3.org\/1999\/xlink\" x=\"0px\" y=\"0px\"\r\n\t viewBox=\"0 0 480 480\" style=\"enable-background:new 0 0 480 480;\" xml:space=\"preserve\">\r\n<g>\r\n\t<g>\r\n\t\t<path d=\"M319.656,298.112c4.033,0.063,7.861,1.785,10.584,4.76l79.904,86.56l11.744-10.864L367.808,320H368V104\r\n\t\t\tc-0.026-22.08-17.92-39.974-40-40h-32v16h32c13.255,0,24,10.745,24,24v8h-56v16h56v174.872L341.984,292\r\n\t\t\tc-5.663-6.169-13.611-9.741-21.984-9.88c-2.126-0.092-4.255,0.044-6.352,0.408l6.152-24.592L326.248,232H336v-16h-16\r\n\t\t\tc-3.672,0.001-6.871,2.501-7.76,6.064L305.76,248H184c-4.418,0.001-7.999,3.584-7.998,8.002c0,0.652,0.08,1.301,0.238,1.934l16,64\r\n\t\t\tc0.889,3.563,4.088,6.063,7.76,6.064h92.528c1.064,1.928,2.333,3.736,3.784,5.392l6.272,7.056c-1.472,2.2-3.937,3.53-6.584,3.552\r\n\t\t\tH192v16h104c6.551-0.029,12.805-2.734,17.312-7.488l29.736,33.456c-5.639,20.704-2.873,42.797,7.696,61.472\r\n\t\t\tc-3.193,9.865-12.375,16.551-22.744,16.56H168c-13.255,0-24-10.745-24-24v-8h184v-16H144V192h-16v248\r\n\t\t\tc0.026,22.08,17.92,39.974,40,40h160c13.322,0,25.769-6.631,33.2-17.688c2.654,2.939,5.511,5.687,8.552,8.224l9.128,7.616\r\n\t\t\tl10.24-12.304L380,458.24c-21.008-17.364-29.126-45.889-20.408-71.712c0.906-2.711,0.296-5.7-1.6-7.84l-49.704-55.92\r\n\t\t\tc-5.201-5.866-4.942-14.766,0.592-20.32C311.784,299.676,315.641,298.124,319.656,298.112z M198.248,280l-4-16h22.688l2,16\r\n\t\t\tH198.248z M206.248,312l-4-16h18.688l2,16H206.248z M256.936,312h-17.872l-2-16h21.872L256.936,312z M260.936,280h-25.872l-2-16\r\n\t\t\th29.872L260.936,280z M288.544,312h-15.48l2-16H293.6C290.465,300.762,288.715,306.301,288.544,312z M297.752,280h-20.688l2-16\r\n\t\t\th22.688L297.752,280z\"\/>\r\n\t<\/g>\r\n<\/g>\r\n<g>\r\n\t<g>\r\n\t\t<circle cx=\"208\" cy=\"384\" r=\"16\"\/>\r\n\t<\/g>\r\n<\/g>\r\n<g>\r\n\t<g>\r\n\t\t<circle cx=\"288\" cy=\"384\" r=\"16\"\/>\r\n\t<\/g>\r\n<\/g>\r\n<g>\r\n\t<g>\r\n\t\t<path d=\"M248,0H40C22.327,0,8,14.327,8,32v112c0,17.673,14.327,32,32,32h208c17.673,0,32-14.327,32-32V32\r\n\t\t\tC280,14.327,265.673,0,248,0z M264,144c0,8.837-7.163,16-16,16H40c-8.837,0-16-7.163-16-16V32c0-8.837,7.163-16,16-16h208\r\n\t\t\tc8.837,0,16,7.163,16,16V144z\"\/>\r\n\t<\/g>\r\n<\/g>\r\n<g>\r\n\t<g>\r\n\t\t<rect x=\"40\" y=\"40\" width=\"144\" height=\"16\"\/>\r\n\t<\/g>\r\n<\/g>\r\n<g>\r\n\t<g>\r\n\t\t<path d=\"M236.268,91.32c-7.509-4.416-16.822-4.416-24.332,0c-3.614-2.146-7.733-3.292-11.936-3.32c-13.255,0-24,10.745-24,24\r\n\t\t\ts10.745,24,24,24c4.201-0.023,8.321-1.163,11.936-3.304c11.426,6.719,26.135,2.904,32.854-8.522\r\n\t\t\tC251.509,112.748,247.693,98.039,236.268,91.32z M200,120c-4.418,0-8-3.582-8-8s3.582-8,8-8s8,3.582,8,8S204.418,120,200,120z\r\n\t\t\t M224,120c-0.477-0.023-0.951-0.09-1.416-0.2c1.883-5.027,1.883-10.565,0-15.592c0.465-0.11,0.939-0.18,1.416-0.208\r\n\t\t\tc4.418,0,8,3.582,8,8S228.418,120,224,120z\"\/>\r\n\t<\/g>\r\n<\/g>\r\n<g>\r\n\t<g>\r\n\t\t<rect x=\"40\" y=\"88\" width=\"16\" height=\"16\"\/>\r\n\t<\/g>\r\n<\/g>\r\n<g>\r\n\t<g>\r\n\t\t<rect x=\"72\" y=\"88\" width=\"16\" height=\"16\"\/>\r\n\t<\/g>\r\n<\/g>\r\n<g>\r\n\t<g>\r\n\t\t<rect x=\"104\" y=\"88\" width=\"16\" height=\"16\"\/>\r\n\t<\/g>\r\n<\/g>\r\n<g>\r\n\t<g>\r\n\t\t<rect x=\"136\" y=\"88\" width=\"16\" height=\"16\"\/>\r\n\t<\/g>\r\n<\/g>\r\n<g>\r\n\t<g>\r\n\t\t<rect x=\"40\" y=\"120\" width=\"112\" height=\"16\"\/>\r\n\t<\/g>\r\n<\/g>\r\n<g>\r\n\t<g>\r\n\t\t<path d=\"M457.104,308.8l-67.2-74.192l-11.856,10.736l67.24,74.264c6.895,7.394,10.724,17.13,10.712,27.24V480h16V346.848\r\n\t\t\tC472.035,332.736,466.711,319.137,457.104,308.8z\"\/>\r\n\t<\/g>\r\n<\/g>\r\n<g>\r\n\t<g>\r\n\t\t<path d=\"M267.56,201.344L256,209.048V192h-16v17.048l-11.56-7.704l-8.88,13.312l24,16c2.688,1.794,6.192,1.794,8.88,0l24-16\r\n\t\t\tL267.56,201.344z\"\/>\r\n\t<\/g>\r\n<\/g>\r\n<g>\r\n<\/g>\r\n<g>\r\n<\/g>\r\n<g>\r\n<\/g>\r\n<g>\r\n<\/g>\r\n<g>\r\n<\/g>\r\n<g>\r\n<\/g>\r\n<g>\r\n<\/g>\r\n<g>\r\n<\/g>\r\n<g>\r\n<\/g>\r\n<g>\r\n<\/g>\r\n<g>\r\n<\/g>\r\n<g>\r\n<\/g>\r\n<g>\r\n<\/g>\r\n<g>\r\n<\/g>\r\n<g>\r\n<\/g>\r\n<\/svg>\r\n\t\t\t\t\t<\/div>\n\t\t\t\t<\/div>\n\t\t\t<\/div>\n\t\t\t\t<div class=\"icon-box-text last-reset\">\n\t\t\t<h5 class=\"uppercase\">Compra en l\u00ednea<\/h5>\t\t\t\t\t\t\n<p>Podr\u00e1s abonar tu compra en l\u00ednea con tarjetas de cr\u00e9dito a trav\u00e9s de Mercadopago.<\/p>\n\t\t<\/div>\n\t<\/div><!-- .icon-box -->\n\t<\/a>\n\t\n<\/div><\/div>\n<div class=\"col medium-3 large-3\"  ><div class=\"col-inner\"  >\n\n\t<a class=\"plain\" href=\"https:\/\/tree-oss.com\/tienda\/como-comprar\/\"  >\t<div class=\"icon-box featured-box icon-box-center text-center\"  style=\"margin:0px 0px 0px 0px;\">\n\t\t\t\t\t<div class=\"icon-box-img has-icon-bg\" style=\"width: 114px\">\n\t\t\t\t<div class=\"icon\">\n\t\t\t\t\t<div class=\"icon-inner\" style=\"border-width:2px;\">\n\t\t\t\t\t\t<?xml version=\"1.0\" encoding=\"iso-8859-1\"?>\r\n<!-- Generator: Adobe Illustrator 19.0.0, SVG Export Plug-In . SVG Version: 6.00 Build 0)  -->\r\n<svg version=\"1.1\" id=\"Capa_1\" xmlns=\"http:\/\/www.w3.org\/2000\/svg\" xmlns:xlink=\"http:\/\/www.w3.org\/1999\/xlink\" x=\"0px\" y=\"0px\"\r\n\t viewBox=\"0 0 512 512\" style=\"enable-background:new 0 0 512 512;\" xml:space=\"preserve\">\r\n<g>\r\n\t<g>\r\n\t\t<path d=\"M119.467,337.067c-28.237,0-51.2,22.963-51.2,51.2c0,28.237,22.963,51.2,51.2,51.2s51.2-22.963,51.2-51.2\r\n\t\t\tC170.667,360.03,147.703,337.067,119.467,337.067z M119.467,422.4c-18.825,0-34.133-15.309-34.133-34.133\r\n\t\t\tc0-18.825,15.309-34.133,34.133-34.133s34.133,15.309,34.133,34.133C153.6,407.091,138.291,422.4,119.467,422.4z\"\/>\r\n\t<\/g>\r\n<\/g>\r\n<g>\r\n\t<g>\r\n\t\t<path d=\"M409.6,337.067c-28.237,0-51.2,22.963-51.2,51.2c0,28.237,22.963,51.2,51.2,51.2c28.237,0,51.2-22.963,51.2-51.2\r\n\t\t\tC460.8,360.03,437.837,337.067,409.6,337.067z M409.6,422.4c-18.825,0-34.133-15.309-34.133-34.133\r\n\t\t\tc0-18.825,15.309-34.133,34.133-34.133c18.825,0,34.133,15.309,34.133,34.133C443.733,407.091,428.425,422.4,409.6,422.4z\"\/>\r\n\t<\/g>\r\n<\/g>\r\n<g>\r\n\t<g>\r\n\t\t<path d=\"M510.643,289.784l-76.8-119.467c-1.57-2.441-4.275-3.917-7.177-3.917H332.8c-4.719,0-8.533,3.823-8.533,8.533v213.333\r\n\t\t\tc0,4.719,3.814,8.533,8.533,8.533h34.133v-17.067h-25.6V183.467h80.674l72.926,113.442v82.825h-42.667V396.8h51.2\r\n\t\t\tc4.719,0,8.533-3.814,8.533-8.533V294.4C512,292.77,511.531,291.157,510.643,289.784z\"\/>\r\n\t<\/g>\r\n<\/g>\r\n<g>\r\n\t<g>\r\n\t\t<path d=\"M375.467,277.333V217.6h68.267v-17.067h-76.8c-4.719,0-8.533,3.823-8.533,8.533v76.8c0,4.719,3.814,8.533,8.533,8.533h128\r\n\t\t\tv-17.067H375.467z\"\/>\r\n\t<\/g>\r\n<\/g>\r\n<g>\r\n\t<g>\r\n\t\t<path d=\"M332.8,106.667H8.533C3.823,106.667,0,110.49,0,115.2v273.067c0,4.719,3.823,8.533,8.533,8.533H76.8v-17.067H17.067v-256\r\n\t\t\th307.2v256H162.133V396.8H332.8c4.719,0,8.533-3.814,8.533-8.533V115.2C341.333,110.49,337.519,106.667,332.8,106.667z\"\/>\r\n\t<\/g>\r\n<\/g>\r\n<g>\r\n\t<g>\r\n\t\t<rect x=\"8.533\" y=\"345.6\" width=\"51.2\" height=\"17.067\"\/>\r\n\t<\/g>\r\n<\/g>\r\n<g>\r\n\t<g>\r\n\t\t<rect x=\"179.2\" y=\"345.6\" width=\"145.067\" height=\"17.067\"\/>\r\n\t<\/g>\r\n<\/g>\r\n<g>\r\n\t<g>\r\n\t\t<rect x=\"469.333\" y=\"345.6\" width=\"34.133\" height=\"17.067\"\/>\r\n\t<\/g>\r\n<\/g>\r\n<g>\r\n\t<g>\r\n\t\t<rect x=\"34.133\" y=\"140.8\" width=\"298.667\" height=\"17.067\"\/>\r\n\t<\/g>\r\n<\/g>\r\n<g>\r\n\t<g>\r\n\t\t<rect x=\"110.933\" y=\"379.733\" width=\"17.067\" height=\"17.067\"\/>\r\n\t<\/g>\r\n<\/g>\r\n<g>\r\n\t<g>\r\n\t\t<rect x=\"401.067\" y=\"379.733\" width=\"17.067\" height=\"17.067\"\/>\r\n\t<\/g>\r\n<\/g>\r\n<g>\r\n\t<g>\r\n\t\t<rect x=\"34.133\" y=\"72.533\" width=\"119.467\" height=\"17.067\"\/>\r\n\t<\/g>\r\n<\/g>\r\n<g>\r\n\t<g>\r\n\t\t<rect y=\"72.533\" width=\"17.067\" height=\"17.067\"\/>\r\n\t<\/g>\r\n<\/g>\r\n<g>\r\n<\/g>\r\n<g>\r\n<\/g>\r\n<g>\r\n<\/g>\r\n<g>\r\n<\/g>\r\n<g>\r\n<\/g>\r\n<g>\r\n<\/g>\r\n<g>\r\n<\/g>\r\n<g>\r\n<\/g>\r\n<g>\r\n<\/g>\r\n<g>\r\n<\/g>\r\n<g>\r\n<\/g>\r\n<g>\r\n<\/g>\r\n<g>\r\n<\/g>\r\n<g>\r\n<\/g>\r\n<g>\r\n<\/g>\r\n<\/svg>\r\n\t\t\t\t\t<\/div>\n\t\t\t\t<\/div>\n\t\t\t<\/div>\n\t\t\t\t<div class=\"icon-box-text last-reset\">\n\t\t\t<h5 class=\"uppercase\">Env\u00edo gratuito<\/h5>\t\t\t\t\t\t\n<p>Con montos m\u00ednimos de compra, realizamos env\u00edos sin cargo a CABA y todo Argentina.<\/p>\n\t\t<\/div>\n\t<\/div><!-- .icon-box -->\n\t<\/a>\n\t\n<\/div><\/div>\n\n<style scope=\"scope\">\n\n<\/style>\n<\/div>\n\t\t<\/div><!-- .section-content -->\n\n\t\t\n<style scope=\"scope\">\n\n#section_1394949556 {\n  padding-top: 30px;\n  padding-bottom: 30px;\n  background-color: rgb(255, 255, 255);\n}\n<\/style>\n\t<\/section>\n\t\n\n\n\n\n","protected":false},"excerpt":{"rendered":"","protected":false},"author":1,"featured_media":0,"parent":0,"menu_order":0,"comment_status":"closed","ping_status":"closed","template":"page-blank.php","meta":{"footnotes":""},"class_list":["post-2","page","type-page","status-publish","hentry"],"_links":{"self":[{"href":"https:\/\/tree-oss.com\/tienda\/wp-json\/wp\/v2\/pages\/2","targetHints":{"allow":["GET"]}}],"collection":[{"href":"https:\/\/tree-oss.com\/tienda\/wp-json\/wp\/v2\/pages"}],"about":[{"href":"https:\/\/tree-oss.com\/tienda\/wp-json\/wp\/v2\/types\/page"}],"author":[{"embeddable":true,"href":"https:\/\/tree-oss.com\/tienda\/wp-json\/wp\/v2\/users\/1"}],"replies":[{"embeddable":true,"href":"https:\/\/tree-oss.com\/tienda\/wp-json\/wp\/v2\/comments?post=2"}],"version-history":[{"count":0,"href":"https:\/\/tree-oss.com\/tienda\/wp-json\/wp\/v2\/pages\/2\/revisions"}],"wp:attachment":[{"href":"https:\/\/tree-oss.com\/tienda\/wp-json\/wp\/v2\/media?parent=2"}],"curies":[{"name":"wp","href":"https:\/\/api.w.org\/{rel}","templated":true}]}}