{"id":1347,"date":"2020-08-06T18:21:22","date_gmt":"2020-08-06T21:21:22","guid":{"rendered":"https:\/\/tree-oss.com\/tienda\/?page_id=1347"},"modified":"2026-04-09T16:30:58","modified_gmt":"2026-04-09T19:30:58","slug":"inicio-2","status":"publish","type":"page","link":"https:\/\/tree-oss.com\/tienda\/","title":{"rendered":"Inicio 2"},"content":{"rendered":"<div class=\"slider-wrapper relative\" id=\"slider-152826389\" style=\"margin-bottom:18px;\">\n    <div class=\"slider slider-nav-dots-simple slider-nav-simple slider-nav-large slider-nav-dark slider-nav-outside slider-style-normal\"\n        data-flickity-options='{\n            \"cellAlign\": \"center\",\n            \"imagesLoaded\": true,\n            \"lazyLoad\": 1,\n            \"freeScroll\": false,\n            \"wrapAround\": true,\n            \"autoPlay\": 6000,\n            \"pauseAutoPlayOnHover\" : true,\n            \"prevNextButtons\": true,\n            \"contain\" : true,\n            \"adaptiveHeight\" : true,\n            \"dragThreshold\" : 10,\n            \"percentPosition\": true,\n            \"pageDots\": true,\n            \"rightToLeft\": false,\n            \"draggable\": true,\n            \"selectedAttraction\": 0.1,\n            \"parallax\" : 0,\n            \"friction\": 0.6        }'\n        >\n        \n\n  <div class=\"banner has-hover has-slide-effect slide-fade-in\" id=\"banner-364060919\">\n          <div class=\"banner-inner fill\">\n        <div class=\"banner-bg fill\" >\n            <div class=\"bg fill bg-fill \"><\/div>\n                                    \n\t<div class=\"is-border\"\n\t\tstyle=\"border-color:rgb(213, 213, 213);border-width:0px 0px 1 0px;\">\n\t<\/div>\n                    <\/div><!-- bg-layers -->\n        <div class=\"banner-layers container\">\n            <a class=\"fill\" href=\"https:\/\/tree-oss.com\/descargas\/\" target=\"_blank\" rel=\"noopener noreferrer\" ><div class=\"fill banner-link\"><\/div><\/a>            \n        <\/div><!-- .banner-layers -->\n      <\/div><!-- .banner-inner -->\n\n            \n<style scope=\"scope\">\n\n#banner-364060919 {\n  padding-top: 33%;\n}\n#banner-364060919 .bg.bg-loaded {\n  background-image: url(https:\/\/tree-oss.com\/tienda\/wp-content\/uploads\/2025\/07\/libreria-CAD-CAM-tienda.png);\n}\n<\/style>\n  <\/div><!-- .banner -->\n\n\n\n  <div class=\"banner has-hover has-slide-effect slide-fade-in\" id=\"banner-1196390750\">\n          <div class=\"banner-inner fill\">\n        <div class=\"banner-bg fill\" >\n            <div class=\"bg fill bg-fill \"><\/div>\n                                    \n\t<div class=\"is-border\"\n\t\tstyle=\"border-color:rgb(213, 213, 213);border-width:0px 0px 1 0px;\">\n\t<\/div>\n                    <\/div><!-- bg-layers -->\n        <div class=\"banner-layers container\">\n            <div class=\"fill banner-link\"><\/div>            \n        <\/div><!-- .banner-layers -->\n      <\/div><!-- .banner-inner -->\n\n            \n<style scope=\"scope\">\n\n#banner-1196390750 {\n  padding-top: 33%;\n}\n#banner-1196390750 .bg.bg-loaded {\n  background-image: url(https:\/\/tree-oss.com\/tienda\/wp-content\/uploads\/2026\/02\/tienda.png);\n}\n<\/style>\n  <\/div><!-- .banner -->\n\n\n\n  <div class=\"banner has-hover has-slide-effect slide-fade-in\" id=\"banner-701734022\">\n          <div class=\"banner-inner fill\">\n        <div class=\"banner-bg fill\" >\n            <div class=\"bg fill bg-fill \"><\/div>\n                                    \n\t<div class=\"is-border\"\n\t\tstyle=\"border-color:rgb(213, 213, 213);border-width:0px 0px 1 0px;\">\n\t<\/div>\n                    <\/div><!-- bg-layers -->\n        <div class=\"banner-layers container\">\n            <div class=\"fill banner-link\"><\/div>            \n        <\/div><!-- .banner-layers -->\n      <\/div><!-- .banner-inner -->\n\n            \n<style scope=\"scope\">\n\n#banner-701734022 {\n  padding-top: 33%;\n}\n#banner-701734022 .bg.bg-loaded {\n  background-image: url(https:\/\/tree-oss.com\/tienda\/wp-content\/uploads\/2024\/03\/CO-tienda@4x.png);\n}\n<\/style>\n  <\/div><!-- .banner -->\n\n\n\n  <div class=\"banner has-hover has-slide-effect slide-fade-in\" id=\"banner-1872393540\">\n          <div class=\"banner-inner fill\">\n        <div class=\"banner-bg fill\" >\n            <div class=\"bg fill bg-fill \"><\/div>\n                                    \n\t<div class=\"is-border\"\n\t\tstyle=\"border-color:rgb(213, 213, 213);border-width:0px 0px 1 0px;\">\n\t<\/div>\n                    <\/div><!-- bg-layers -->\n        <div class=\"banner-layers container\">\n            <a class=\"fill\" href=\"https:\/\/tree-oss.com\/tienda\/?s=tissum&post_type=product\"  ><div class=\"fill banner-link\"><\/div><\/a>            \n        <\/div><!-- .banner-layers -->\n      <\/div><!-- .banner-inner -->\n\n            \n<style scope=\"scope\">\n\n#banner-1872393540 {\n  padding-top: 33%;\n}\n#banner-1872393540 .bg.bg-loaded {\n  background-image: url(https:\/\/tree-oss.com\/tienda\/wp-content\/uploads\/2024\/12\/Slider-biomateriales.png);\n}\n<\/style>\n  <\/div><!-- .banner -->\n\n\n\n  <div class=\"banner has-hover has-slide-effect slide-fade-in\" id=\"banner-1981279084\">\n          <div class=\"banner-inner fill\">\n        <div class=\"banner-bg fill\" >\n            <div class=\"bg fill bg-fill \"><\/div>\n                                    \n\t<div class=\"is-border\"\n\t\tstyle=\"border-color:rgb(213, 213, 213);border-width:0px 0px 1 0px;\">\n\t<\/div>\n                    <\/div><!-- bg-layers -->\n        <div class=\"banner-layers container\">\n            <div class=\"fill banner-link\"><\/div>            \n        <\/div><!-- .banner-layers -->\n      <\/div><!-- .banner-inner -->\n\n            \n<style scope=\"scope\">\n\n#banner-1981279084 {\n  padding-top: 33%;\n}\n#banner-1981279084 .bg.bg-loaded {\n  background-image: url(https:\/\/tree-oss.com\/tienda\/wp-content\/uploads\/2022\/08\/Pidtienda.png);\n}\n<\/style>\n  <\/div><!-- .banner -->\n\n\n\n  <div class=\"banner has-hover has-slide-effect slide-fade-in\" id=\"banner-2099689602\">\n          <div class=\"banner-inner fill\">\n        <div class=\"banner-bg fill\" >\n            <div class=\"bg fill bg-fill \"><\/div>\n                                    \n                    <\/div><!-- bg-layers -->\n        <div class=\"banner-layers container\">\n            <div class=\"fill banner-link\"><\/div>            \n        <\/div><!-- .banner-layers -->\n      <\/div><!-- .banner-inner -->\n\n            \n<style scope=\"scope\">\n\n#banner-2099689602 {\n  padding-top: 33%;\n}\n#banner-2099689602 .bg.bg-loaded {\n  background-image: url(https:\/\/tree-oss.com\/tienda\/wp-content\/uploads\/2022\/07\/Cirugiaguiadatienda@2x-100.jpg);\n}\n#banner-2099689602 .bg {\n  background-position: 62% 68%;\n}\n<\/style>\n  <\/div><!-- .banner -->\n\n\n\n  <div class=\"banner has-hover has-slide-effect slide-fade-in\" id=\"banner-708719161\">\n          <div class=\"banner-inner fill\">\n        <div class=\"banner-bg fill\" >\n            <div class=\"bg fill bg-fill \"><\/div>\n                                    \n                    <\/div><!-- bg-layers -->\n        <div class=\"banner-layers container\">\n            <div class=\"fill banner-link\"><\/div>            \n        <\/div><!-- .banner-layers -->\n      <\/div><!-- .banner-inner -->\n\n            \n<style scope=\"scope\">\n\n#banner-708719161 {\n  padding-top: 33%;\n}\n#banner-708719161 .bg.bg-loaded {\n  background-image: url(https:\/\/tree-oss.com\/tienda\/wp-content\/uploads\/2022\/07\/Pilarmultipletienda@2x-100.jpg);\n}\n#banner-708719161 .bg {\n  background-position: 62% 68%;\n}\n<\/style>\n  <\/div><!-- .banner -->\n\n\n\n  <div class=\"banner has-hover has-slide-effect slide-fade-in\" id=\"banner-93257810\">\n          <div class=\"banner-inner fill\">\n        <div class=\"banner-bg fill\" >\n            <div class=\"bg fill bg-fill \"><\/div>\n                                    \n                    <\/div><!-- bg-layers -->\n        <div class=\"banner-layers container\">\n            <div class=\"fill banner-link\"><\/div>            \n        <\/div><!-- .banner-layers -->\n      <\/div><!-- .banner-inner -->\n\n            \n<style scope=\"scope\">\n\n#banner-93257810 {\n  padding-top: 33%;\n}\n#banner-93257810 .bg.bg-loaded {\n  background-image: url(https:\/\/tree-oss.com\/tienda\/wp-content\/uploads\/2020\/07\/Slider2.jpg);\n}\n#banner-93257810 .bg {\n  background-position: 62% 68%;\n}\n<\/style>\n  <\/div><!-- .banner -->\n\n\n\n  <div class=\"banner has-hover has-slide-effect slide-fade-in\" id=\"banner-1885499848\">\n          <div class=\"banner-inner fill\">\n        <div class=\"banner-bg fill\" >\n            <div class=\"bg fill bg-fill \"><\/div>\n                                    \n\t<div class=\"is-border\"\n\t\tstyle=\"border-color:rgb(213, 213, 213);border-width:0px 0px 1 0px;\">\n\t<\/div>\n                    <\/div><!-- bg-layers -->\n        <div class=\"banner-layers container\">\n            <div class=\"fill banner-link\"><\/div>            \n        <\/div><!-- .banner-layers -->\n      <\/div><!-- .banner-inner -->\n\n            \n<style scope=\"scope\">\n\n#banner-1885499848 {\n  padding-top: 33%;\n}\n#banner-1885499848 .bg.bg-loaded {\n  background-image: url(https:\/\/tree-oss.com\/tienda\/wp-content\/uploads\/2022\/02\/ceramictienda.png);\n}\n<\/style>\n  <\/div><!-- .banner -->\n\n\n\n  <div class=\"banner has-hover has-slide-effect slide-fade-in\" id=\"banner-1270887336\">\n          <div class=\"banner-inner fill\">\n        <div class=\"banner-bg fill\" >\n            <div class=\"bg fill bg-fill \"><\/div>\n                                    \n                    <\/div><!-- bg-layers -->\n        <div class=\"banner-layers container\">\n            <div class=\"fill banner-link\"><\/div>            \n        <\/div><!-- .banner-layers -->\n      <\/div><!-- .banner-inner -->\n\n            \n<style scope=\"scope\">\n\n#banner-1270887336 {\n  padding-top: 33%;\n}\n#banner-1270887336 .bg.bg-loaded {\n  background-image: url(https:\/\/tree-oss.com\/tienda\/wp-content\/uploads\/2020\/07\/Slider4.jpg);\n}\n#banner-1270887336 .bg {\n  background-position: 62% 68%;\n}\n<\/style>\n  <\/div><!-- .banner -->\n\n\n     <\/div>\n\n     <div class=\"loading-spin dark large centered\"><\/div>\n\n     <style scope=\"scope\">\n             <\/style>\n<\/div><!-- .ux-slider-wrapper -->\n\n\n\t<section class=\"section\" id=\"section_1567640682\">\n\t\t<div class=\"bg section-bg fill bg-fill  bg-loaded\" >\n\n\t\t\t\n\t\t\t\n\t\t\t\n\n\t\t<\/div><!-- .section-bg -->\n\n\t\t<div class=\"section-content relative\">\n\t\t\t\n<div class=\"row row-large align-center row-divided\"  id=\"row-603277033\">\n<div class=\"col medium-6 large-6\"  ><div class=\"col-inner\"  >\n\n\t<a class=\"plain\" href=\"https:\/\/tree-oss.com\/tienda\/my-account\/\"  >\t<div class=\"icon-box featured-box icon-box-center text-center\"  style=\"margin:0px 0px 0px 0px;\">\n\t\t\t\t\t<div class=\"icon-box-img has-icon-bg\" style=\"width: 114px\">\n\t\t\t\t<div class=\"icon\">\n\t\t\t\t\t<div class=\"icon-inner\" style=\"border-width:2px;\">\n\t\t\t\t\t\t<svg id=\"_x31_\" enable-background=\"new 0 0 24 24\" height=\"512\" viewBox=\"0 0 24 24\" width=\"512\" xmlns=\"http:\/\/www.w3.org\/2000\/svg\"><path d=\"m11.894 24c-.131 0-.259-.052-.354-.146-.118-.118-.17-.288-.137-.451l.707-3.535c.02-.098.066-.187.137-.256l7.778-7.778c.584-.584 1.537-.584 2.121 0l1.414 1.414c.585.585.585 1.536 0 2.121l-7.778 7.778c-.069.07-.158.117-.256.137l-3.535.707c-.032.006-.065.009-.097.009zm1.168-3.789-.53 2.651 2.651-.53 7.671-7.671c.195-.195.195-.512 0-.707l-1.414-1.414c-.195-.195-.512-.195-.707 0zm2.367 2.582h.01z\"\/><path d=\"m9.5 21h-7c-1.379 0-2.5-1.121-2.5-2.5v-13c0-1.379 1.121-2.5 2.5-2.5h2c.276 0 .5.224.5.5s-.224.5-.5.5h-2c-.827 0-1.5.673-1.5 1.5v13c0 .827.673 1.5 1.5 1.5h7c.276 0 .5.224.5.5s-.224.5-.5.5z\"\/><path d=\"m16.5 12c-.276 0-.5-.224-.5-.5v-6c0-.827-.673-1.5-1.5-1.5h-2c-.276 0-.5-.224-.5-.5s.224-.5.5-.5h2c1.379 0 2.5 1.121 2.5 2.5v6c0 .276-.224.5-.5.5z\"\/><path d=\"m11.5 6h-6c-.827 0-1.5-.673-1.5-1.5v-2c0-.276.224-.5.5-.5h1.55c.232-1.14 1.243-2 2.45-2s2.218.86 2.45 2h1.55c.276 0 .5.224.5.5v2c0 .827-.673 1.5-1.5 1.5zm-6.5-3v1.5c0 .275.225.5.5.5h6c.275 0 .5-.225.5-.5v-1.5h-1.5c-.276 0-.5-.224-.5-.5 0-.827-.673-1.5-1.5-1.5s-1.5.673-1.5 1.5c0 .276-.224.5-.5.5z\"\/><path d=\"m13.5 9h-10c-.276 0-.5-.224-.5-.5s.224-.5.5-.5h10c.276 0 .5.224.5.5s-.224.5-.5.5z\"\/><path d=\"m13.5 12h-10c-.276 0-.5-.224-.5-.5s.224-.5.5-.5h10c.276 0 .5.224.5.5s-.224.5-.5.5z\"\/><path d=\"m13.5 15h-10c-.276 0-.5-.224-.5-.5s.224-.5.5-.5h10c.276 0 .5.224.5.5s-.224.5-.5.5z\"\/><\/svg>\t\t\t\t\t<\/div>\n\t\t\t\t<\/div>\n\t\t\t<\/div>\n\t\t\t\t<div class=\"icon-box-text last-reset\">\n\t\t\t<h5 class=\"uppercase\">Registrate \/ Ingres\u00e1<\/h5>\t\t\t\t\t\t\n<p>Al registrarte, que no te tomar\u00e1 m\u00e1s de un minuto, tendr\u00e1s acceso a comprar\u00a0 en nuestra tienda.<\/p>\n\t\t<\/div>\n\t<\/div><!-- .icon-box -->\n\t<\/a>\n\t\n<\/div><\/div>\n<div class=\"col medium-6 large-6\"  ><div class=\"col-inner\"  >\n\n\t<a class=\"plain\" href=\"https:\/\/tree-oss.com\/tienda\/tienda\/\"  >\t<div class=\"icon-box featured-box icon-box-center text-center\"  style=\"margin:0px 0px 0px 0px;\">\n\t\t\t\t\t<div class=\"icon-box-img has-icon-bg\" style=\"width: 114px\">\n\t\t\t\t<div class=\"icon\">\n\t\t\t\t\t<div class=\"icon-inner\" style=\"border-width:2px;\">\n\t\t\t\t\t\t<?xml version=\"1.0\"?>\n<svg xmlns=\"http:\/\/www.w3.org\/2000\/svg\" viewBox=\"0 0 64 64\" width=\"512\" height=\"512\"><g id=\"delivery-avatar-smartphone-mobile-money\"><path d=\"M39,44H29.87a5.007,5.007,0,0,0-4.9-4.01h-.02L20,40V37.5a6.5,6.5,0,0,0,4-6V25h3a1,1,0,0,0,1-1,7,7,0,0,0-10.64-5.98c-.12-.01-.24-.02-.36-.02a6,6,0,0,0-6,6v1H10a2.006,2.006,0,0,0-2,2v2a2.006,2.006,0,0,0,2,2h1v.5a6.448,6.448,0,0,0,1,3.45V40H7a5,5,0,0,0-5,5V61a1,1,0,0,0,1,1H39a1,1,0,0,0,1-1V45A1,1,0,0,0,39,44ZM11,29H10V27h1Zm6-9a2.962,2.962,0,0,1,.31.03l.17.02a1.009,1.009,0,0,0,.69-.17A5,5,0,0,1,25.9,23H13.13A4,4,0,0,1,17,20Zm-4,5h9v6.5a4.5,4.5,0,0,1-9,0Zm5,12.97v2.84l-1.29,3.23L14,40.65V36.97A6.445,6.445,0,0,0,17.5,38,4.193,4.193,0,0,0,18,37.97ZM4,45a3.009,3.009,0,0,1,3-3h5.52l3.7,4.62a1.008,1.008,0,0,0,.93.37,1,1,0,0,0,.78-.62L19.68,42l5.28-.01h.01A3.006,3.006,0,0,1,27.79,44H23a1,1,0,0,0-1,1v8H19a.977.977,0,0,0-.89.55L17.38,55H10V50a1,1,0,0,0-1-1H4ZM24,60H4V51H8v5a1,1,0,0,0,1,1h9a.977.977,0,0,0,.89-.55L19.62,55H23a1,1,0,0,1,1,1Zm14,0H26V56a3.01,3.01,0,0,0-2-2.82V50H38Zm0-12H24V46H38Z\"\/><path d=\"M59,2H37a3.009,3.009,0,0,0-3,3V40a3.009,3.009,0,0,0,3,3H59a3.009,3.009,0,0,0,3-3V5A3.009,3.009,0,0,0,59,2Zm1,38a1,1,0,0,1-1,1H37a1,1,0,0,1-1-1V33H60Zm0-9H36V8H60ZM60,6H36V5a1,1,0,0,1,1-1H59a1,1,0,0,1,1,1Z\"\/><path d=\"M48,34a3,3,0,1,0,3,3A3,3,0,0,0,48,34Zm0,4a1,1,0,1,1,1-1A1,1,0,0,1,48,38Z\"\/><path d=\"M48,10a9,9,0,1,0,9,9A9.014,9.014,0,0,0,48,10Zm0,16a7,7,0,1,1,7-7A7.008,7.008,0,0,1,48,26Z\"\/><path d=\"M52,21a3.009,3.009,0,0,1-3,3v1H47V24a3.009,3.009,0,0,1-3-3h2a1,1,0,0,0,1,1h2a1,1,0,0,0,0-2H47a3,3,0,0,1,0-6V13h2v1a3.009,3.009,0,0,1,3,3H50a1,1,0,0,0-1-1H47a1,1,0,0,0,0,2h2A3.009,3.009,0,0,1,52,21Z\"\/><\/g><\/svg>\n\t\t\t\t\t<\/div>\n\t\t\t\t<\/div>\n\t\t\t<\/div>\n\t\t\t\t<div class=\"icon-box-text last-reset\">\n\t\t\t<h5 class=\"uppercase\">Cotiz\u00e1 online<\/h5>\t\t\t\t\t\t\n<p>Si no est\u00e1s registrado, ver\u00e1s los productos sin precio pero podr\u00e1s generar una cotizaci\u00f3n.<\/p>\n\t\t<\/div>\n\t<\/div><!-- .icon-box -->\n\t<\/a>\n\t\n<\/div><\/div>\n\n<style scope=\"scope\">\n\n<\/style>\n<\/div>\n\t\t<\/div><!-- .section-content -->\n\n\t\t\n<style scope=\"scope\">\n\n#section_1567640682 {\n  padding-top: 30px;\n  padding-bottom: 30px;\n  background-color: rgb(255, 255, 255);\n}\n<\/style>\n\t<\/section>\n\t\n\n\n\n\n","protected":false},"excerpt":{"rendered":"","protected":false},"author":1,"featured_media":0,"parent":0,"menu_order":0,"comment_status":"closed","ping_status":"closed","template":"page-blank-landingpage.php","meta":{"footnotes":""},"class_list":["post-1347","page","type-page","status-publish","hentry"],"_links":{"self":[{"href":"https:\/\/tree-oss.com\/tienda\/wp-json\/wp\/v2\/pages\/1347","targetHints":{"allow":["GET"]}}],"collection":[{"href":"https:\/\/tree-oss.com\/tienda\/wp-json\/wp\/v2\/pages"}],"about":[{"href":"https:\/\/tree-oss.com\/tienda\/wp-json\/wp\/v2\/types\/page"}],"author":[{"embeddable":true,"href":"https:\/\/tree-oss.com\/tienda\/wp-json\/wp\/v2\/users\/1"}],"replies":[{"embeddable":true,"href":"https:\/\/tree-oss.com\/tienda\/wp-json\/wp\/v2\/comments?post=1347"}],"version-history":[{"count":35,"href":"https:\/\/tree-oss.com\/tienda\/wp-json\/wp\/v2\/pages\/1347\/revisions"}],"predecessor-version":[{"id":2489,"href":"https:\/\/tree-oss.com\/tienda\/wp-json\/wp\/v2\/pages\/1347\/revisions\/2489"}],"wp:attachment":[{"href":"https:\/\/tree-oss.com\/tienda\/wp-json\/wp\/v2\/media?parent=1347"}],"curies":[{"name":"wp","href":"https:\/\/api.w.org\/{rel}","templated":true}]}}